{"id":1038,"date":"2023-04-03T17:58:03","date_gmt":"2023-04-03T16:58:03","guid":{"rendered":"https:\/\/ladanjkodstrica.hr\/?page_id=1038"},"modified":"2023-04-03T18:22:36","modified_gmt":"2023-04-03T17:22:36","slug":"frizijci","status":"publish","type":"page","link":"https:\/\/ladanjkodstrica.hr\/en\/pocetna\/blog\/frizijci\/","title":{"rendered":"Frizijski Konji na Ladnju"},"content":{"rendered":"<div data-elementor-type=\"wp-page\" data-elementor-id=\"1038\" class=\"elementor elementor-1038\">\n\t\t\t\t\t\t<section class=\"elementor-section elementor-top-section elementor-element elementor-element-f55581d elementor-section-height-min-height elementor-section-full_width elementor-section-height-default elementor-section-items-middle\" data-id=\"f55581d\" data-element_type=\"section\" data-e-type=\"section\" data-settings=\"{&quot;background_background&quot;:&quot;classic&quot;}\">\n\t\t\t\t\t\t\t<div class=\"elementor-background-overlay\"><\/div>\n\t\t\t\t\t\t\t<div class=\"elementor-container elementor-column-gap-no\">\n\t\t\t\t\t<div class=\"elementor-column elementor-col-100 elementor-top-column elementor-element elementor-element-9da8eb8\" data-id=\"9da8eb8\" data-element_type=\"column\" data-e-type=\"column\">\n\t\t\t<div class=\"elementor-widget-wrap elementor-element-populated\">\n\t\t\t\t\t\t<div class=\"elementor-element elementor-element-ca86f67 animated-slow elementor-invisible elementor-widget elementor-widget-heading\" data-id=\"ca86f67\" data-element_type=\"widget\" data-e-type=\"widget\" data-settings=\"{&quot;_animation&quot;:&quot;fadeInDown&quot;}\" data-widget_type=\"heading.default\">\n\t\t\t\t<div class=\"elementor-widget-container\">\n\t\t\t\t\t<h2 class=\"elementor-heading-title elementor-size-default\">Frizijski Konji na Ladnju<\/h2>\t\t\t\t<\/div>\n\t\t\t\t<\/div>\n\t\t\t\t\t<\/div>\n\t\t<\/div>\n\t\t\t\t\t<\/div>\n\t\t<\/section>\n\t\t\t\t<section class=\"elementor-section elementor-top-section elementor-element elementor-element-46baed9 elementor-section-boxed elementor-section-height-default elementor-section-height-default\" data-id=\"46baed9\" data-element_type=\"section\" data-e-type=\"section\">\n\t\t\t\t\t\t<div class=\"elementor-container elementor-column-gap-default\">\n\t\t\t\t\t<div class=\"elementor-column elementor-col-50 elementor-top-column elementor-element elementor-element-e49b225\" data-id=\"e49b225\" data-element_type=\"column\" data-e-type=\"column\">\n\t\t\t<div class=\"elementor-widget-wrap elementor-element-populated\">\n\t\t\t\t\t\t<div class=\"elementor-element elementor-element-01c37a7 elementor-widget elementor-widget-heading\" data-id=\"01c37a7\" data-element_type=\"widget\" data-e-type=\"widget\" data-widget_type=\"heading.default\">\n\t\t\t\t<div class=\"elementor-widget-container\">\n\t\t\t\t\t<h2 class=\"elementor-heading-title elementor-size-large\">O Frizijskim Konjima<\/h2>\t\t\t\t<\/div>\n\t\t\t\t<\/div>\n\t\t\t\t<div class=\"elementor-element elementor-element-44bd4f6 elementor-widget__width-initial elementor-widget elementor-widget-text-editor\" data-id=\"44bd4f6\" data-element_type=\"widget\" data-e-type=\"widget\" data-widget_type=\"text-editor.default\">\n\t\t\t\t<div class=\"elementor-widget-container\">\n\t\t\t\t\t\t\t\t\t<p><a href=\"https:\/\/hr.wikipedia.org\/wiki\/Frizijski_konj\"><strong>Frizijski konj<\/strong><\/a> ili \u201ecrni biser\u201c, ponegdje zvan i \u201ecrno zlato\u201c je nizozemska autohtona pasmina \u010diji korijeni prema raznim povijesnim izvorima datiraju od prije 2.000 godina.<br \/><br \/>Prepoznatljiv po svojoj sjajnoj crnoj dlaci, duga\u010dkoj grivi i repu te elegantnom koraku i \u017eivahnom temperamentu \u0161to bi svakoga navelo na pomisao kako je frizijski konj slu\u017eio kraljevima, no me\u0111utim<br \/>preci dana\u0161njeg frizijskog konja zbog svoje veli\u010dine i snage prvotno su radili na njivama i sudjelovali u ratovima.<\/p>\t\t\t\t\t\t\t\t<\/div>\n\t\t\t\t<\/div>\n\t\t\t\t\t<\/div>\n\t\t<\/div>\n\t\t\t\t<div class=\"elementor-column elementor-col-50 elementor-top-column elementor-element elementor-element-62528f2\" data-id=\"62528f2\" data-element_type=\"column\" data-e-type=\"column\">\n\t\t\t<div class=\"elementor-widget-wrap elementor-element-populated\">\n\t\t\t\t\t\t<div class=\"elementor-element elementor-element-5001c19 elementor-widget elementor-widget-image\" data-id=\"5001c19\" data-element_type=\"widget\" data-e-type=\"widget\" data-widget_type=\"image.default\">\n\t\t\t\t<div class=\"elementor-widget-container\">\n\t\t\t\t\t\t\t\t\t\t\t\t\t\t\t\t<a href=\"http:\/\/www.friesiansscotland.com\/the-friesian-breed\/\">\n\t\t\t\t\t\t\t<img fetchpriority=\"high\" decoding=\"async\" width=\"627\" height=\"667\" src=\"https:\/\/ladanjkodstrica.hr\/wp-content\/uploads\/2023\/04\/DSC1862-e1680541627160.jpg\" class=\"attachment-full size-full wp-image-1041\" alt=\"frizijski konj u \u0161tali\" srcset=\"https:\/\/ladanjkodstrica.hr\/wp-content\/uploads\/2023\/04\/DSC1862-e1680541627160.jpg 627w, https:\/\/ladanjkodstrica.hr\/wp-content\/uploads\/2023\/04\/DSC1862-e1680541627160-282x300.jpg 282w, https:\/\/ladanjkodstrica.hr\/wp-content\/uploads\/2023\/04\/DSC1862-e1680541627160-11x12.jpg 11w\" sizes=\"(max-width: 627px) 100vw, 627px\" \/>\t\t\t\t\t\t\t\t<\/a>\n\t\t\t\t\t\t\t\t\t\t\t\t\t\t\t<\/div>\n\t\t\t\t<\/div>\n\t\t\t\t\t<\/div>\n\t\t<\/div>\n\t\t\t\t\t<\/div>\n\t\t<\/section>\n\t\t\t\t<section class=\"elementor-section elementor-top-section elementor-element elementor-element-fbf903b elementor-reverse-tablet elementor-reverse-mobile elementor-section-boxed elementor-section-height-default elementor-section-height-default\" data-id=\"fbf903b\" data-element_type=\"section\" data-e-type=\"section\">\n\t\t\t\t\t\t<div class=\"elementor-container elementor-column-gap-default\">\n\t\t\t\t\t<div class=\"elementor-column elementor-col-50 elementor-top-column elementor-element elementor-element-4d3449e\" data-id=\"4d3449e\" data-element_type=\"column\" data-e-type=\"column\">\n\t\t\t<div class=\"elementor-widget-wrap elementor-element-populated\">\n\t\t\t\t\t\t<div class=\"elementor-element elementor-element-10d6cd9 elementor-widget elementor-widget-image\" data-id=\"10d6cd9\" data-element_type=\"widget\" data-e-type=\"widget\" data-widget_type=\"image.default\">\n\t\t\t\t<div class=\"elementor-widget-container\">\n\t\t\t\t\t\t\t\t\t\t\t\t\t\t\t\t<a href=\"http:\/\/www.friesiancrazy.com\/category\/historic-notes\/\">\n\t\t\t\t\t\t\t<img decoding=\"async\" width=\"1024\" height=\"683\" data-src=\"https:\/\/ladanjkodstrica.hr\/wp-content\/uploads\/2023\/04\/DSC1831-1024x683.jpg\" class=\"attachment-large size-large wp-image-1042 lazyload\" alt=\"frizijski konji na polju\" data-srcset=\"https:\/\/ladanjkodstrica.hr\/wp-content\/uploads\/2023\/04\/DSC1831-1024x683.jpg 1024w, https:\/\/ladanjkodstrica.hr\/wp-content\/uploads\/2023\/04\/DSC1831-300x200.jpg 300w, https:\/\/ladanjkodstrica.hr\/wp-content\/uploads\/2023\/04\/DSC1831-768x512.jpg 768w, https:\/\/ladanjkodstrica.hr\/wp-content\/uploads\/2023\/04\/DSC1831-18x12.jpg 18w, https:\/\/ladanjkodstrica.hr\/wp-content\/uploads\/2023\/04\/DSC1831.jpg 1200w\" data-sizes=\"(max-width: 1024px) 100vw, 1024px\" src=\"data:image\/svg+xml;base64,PHN2ZyB3aWR0aD0iMSIgaGVpZ2h0PSIxIiB4bWxucz0iaHR0cDovL3d3dy53My5vcmcvMjAwMC9zdmciPjwvc3ZnPg==\" style=\"--smush-placeholder-width: 1024px; --smush-placeholder-aspect-ratio: 1024\/683;\" \/>\t\t\t\t\t\t\t\t<\/a>\n\t\t\t\t\t\t\t\t\t\t\t\t\t\t\t<\/div>\n\t\t\t\t<\/div>\n\t\t\t\t\t<\/div>\n\t\t<\/div>\n\t\t\t\t<div class=\"elementor-column elementor-col-50 elementor-top-column elementor-element elementor-element-b332e35\" data-id=\"b332e35\" data-element_type=\"column\" data-e-type=\"column\">\n\t\t\t<div class=\"elementor-widget-wrap elementor-element-populated\">\n\t\t\t\t\t\t<div class=\"elementor-element elementor-element-46096e1 elementor-widget elementor-widget-text-editor\" data-id=\"46096e1\" data-element_type=\"widget\" data-e-type=\"widget\" data-widget_type=\"text-editor.default\">\n\t\t\t\t<div class=\"elementor-widget-container\">\n\t\t\t\t\t\t\t\t\t<p>Ponosni na na\u0161e \u201ecrne biserke\u201c, <b>Titi i Zita<\/b> zaista daju Ladnju posebnu dra\u017e \u0161to mnogi od na\u0161ih gostiju imaju priliku do\u017eivjeti.<\/p><p>Pitome i razigrane, svakog gosta do\u010dekuju kao pravi doma\u0107ini. Gosti imaju priliku podru\u017eiti se s Titi i Zitom, me\u0111utim, radi vlastite sigurnosti i sigurnosti na\u0161ih frizijki, nije dopu\u0161ten prijelaz preko ograde.<\/p>\t\t\t\t\t\t\t\t<\/div>\n\t\t\t\t<\/div>\n\t\t\t\t\t<\/div>\n\t\t<\/div>\n\t\t\t\t\t<\/div>\n\t\t<\/section>\n\t\t\t\t<\/div>","protected":false},"excerpt":{"rendered":"<p>Frizijski Konji na Ladnju O Frizijskim Konjima Frizijski konj ili \u201ecrni biser\u201c, ponegdje zvan i \u201ecrno zlato\u201c je nizozemska autohtona pasmina \u010diji korijeni prema raznim povijesnim izvorima datiraju od prije 2.000 godina. Prepoznatljiv po svojoj sjajnoj crnoj dlaci, duga\u010dkoj grivi i repu te elegantnom koraku i \u017eivahnom temperamentu \u0161to bi svakoga navelo na pomisao kako &hellip;<\/p>\n<p class=\"read-more\"> <a class=\"\" href=\"https:\/\/ladanjkodstrica.hr\/en\/pocetna\/blog\/frizijci\/\"> <span class=\"screen-reader-text\">Frizijski Konji na Ladnju<\/span> Read More &raquo;<\/a><\/p>","protected":false},"author":1,"featured_media":0,"parent":862,"menu_order":0,"comment_status":"closed","ping_status":"closed","template":"","meta":{"_monsterinsights_skip_tracking":false,"_monsterinsights_sitenote_active":false,"_monsterinsights_sitenote_note":"","_monsterinsights_sitenote_category":0,"footnotes":""},"class_list":["post-1038","page","type-page","status-publish","hentry"],"aioseo_notices":[],"_links":{"self":[{"href":"https:\/\/ladanjkodstrica.hr\/en\/wp-json\/wp\/v2\/pages\/1038","targetHints":{"allow":["GET"]}}],"collection":[{"href":"https:\/\/ladanjkodstrica.hr\/en\/wp-json\/wp\/v2\/pages"}],"about":[{"href":"https:\/\/ladanjkodstrica.hr\/en\/wp-json\/wp\/v2\/types\/page"}],"author":[{"embeddable":true,"href":"https:\/\/ladanjkodstrica.hr\/en\/wp-json\/wp\/v2\/users\/1"}],"replies":[{"embeddable":true,"href":"https:\/\/ladanjkodstrica.hr\/en\/wp-json\/wp\/v2\/comments?post=1038"}],"version-history":[{"count":0,"href":"https:\/\/ladanjkodstrica.hr\/en\/wp-json\/wp\/v2\/pages\/1038\/revisions"}],"up":[{"embeddable":true,"href":"https:\/\/ladanjkodstrica.hr\/en\/wp-json\/wp\/v2\/pages\/862"}],"wp:attachment":[{"href":"https:\/\/ladanjkodstrica.hr\/en\/wp-json\/wp\/v2\/media?parent=1038"}],"curies":[{"name":"wp","href":"https:\/\/api.w.org\/{rel}","templated":true}]}}