{"id":1071,"date":"2023-10-04T19:31:33","date_gmt":"2023-10-04T18:31:33","guid":{"rendered":"https:\/\/ladanjkodstrica.hr\/?page_id=1071"},"modified":"2023-10-04T19:57:22","modified_gmt":"2023-10-04T18:57:22","slug":"jesen-na-ladanju","status":"publish","type":"page","link":"https:\/\/ladanjkodstrica.hr\/en\/pocetna\/blog\/jesen-na-ladanju\/","title":{"rendered":"Jesen na Ladanju kod strica: Sezonske \u010darolije i tradicija"},"content":{"rendered":"<div data-elementor-type=\"wp-page\" data-elementor-id=\"1071\" class=\"elementor elementor-1071\">\n\t\t\t\t\t\t<section class=\"elementor-section elementor-top-section elementor-element elementor-element-f55581d elementor-section-height-min-height elementor-section-full_width elementor-section-height-default elementor-section-items-middle\" data-id=\"f55581d\" data-element_type=\"section\" data-e-type=\"section\" data-settings=\"{&quot;background_background&quot;:&quot;classic&quot;}\">\n\t\t\t\t\t\t\t<div class=\"elementor-background-overlay\"><\/div>\n\t\t\t\t\t\t\t<div class=\"elementor-container elementor-column-gap-no\">\n\t\t\t\t\t<div class=\"elementor-column elementor-col-100 elementor-top-column elementor-element elementor-element-9da8eb8\" data-id=\"9da8eb8\" data-element_type=\"column\" data-e-type=\"column\">\n\t\t\t<div class=\"elementor-widget-wrap elementor-element-populated\">\n\t\t\t\t\t\t<div class=\"elementor-element elementor-element-ca86f67 animated-slow elementor-invisible elementor-widget elementor-widget-heading\" data-id=\"ca86f67\" data-element_type=\"widget\" data-e-type=\"widget\" data-settings=\"{&quot;_animation&quot;:&quot;fadeInDown&quot;}\" data-widget_type=\"heading.default\">\n\t\t\t\t<div class=\"elementor-widget-container\">\n\t\t\t\t\t<h2 class=\"elementor-heading-title elementor-size-default\">Jesen na Ladanju kod strica: Sezonske \u010darolije i tradicija<\/h2>\t\t\t\t<\/div>\n\t\t\t\t<\/div>\n\t\t\t\t\t<\/div>\n\t\t<\/div>\n\t\t\t\t\t<\/div>\n\t\t<\/section>\n\t\t\t\t<section class=\"elementor-section elementor-top-section elementor-element elementor-element-46baed9 elementor-section-boxed elementor-section-height-default elementor-section-height-default\" data-id=\"46baed9\" data-element_type=\"section\" data-e-type=\"section\">\n\t\t\t\t\t\t<div class=\"elementor-container elementor-column-gap-default\">\n\t\t\t\t\t<div class=\"elementor-column elementor-col-50 elementor-top-column elementor-element elementor-element-e49b225\" data-id=\"e49b225\" data-element_type=\"column\" data-e-type=\"column\">\n\t\t\t<div class=\"elementor-widget-wrap elementor-element-populated\">\n\t\t\t\t\t\t<div class=\"elementor-element elementor-element-01c37a7 elementor-widget elementor-widget-heading\" data-id=\"01c37a7\" data-element_type=\"widget\" data-e-type=\"widget\" data-widget_type=\"heading.default\">\n\t\t\t\t<div class=\"elementor-widget-container\">\n\t\t\t\t\t<h2 class=\"elementor-heading-title elementor-size-large\">Jesen na Ladanju<\/h2>\t\t\t\t<\/div>\n\t\t\t\t<\/div>\n\t\t\t\t<div class=\"elementor-element elementor-element-44bd4f6 elementor-widget__width-initial elementor-widget elementor-widget-text-editor\" data-id=\"44bd4f6\" data-element_type=\"widget\" data-e-type=\"widget\" data-widget_type=\"text-editor.default\">\n\t\t\t\t<div class=\"elementor-widget-container\">\n\t\t\t\t\t\t\t\t\t<p>Dok se <strong>ljetne avanture<\/strong> smiruju, <strong>jesen<\/strong> svesrdno kora\u010da kroz ladanjska vrata &#8220;<strong>Ladanj kod strica<\/strong>&#8220;. Iako su temperature malo toplije nego \u0161to je tipi\u010dno za ovo doba godine, pru\u017eaju idealne uvjete za u\u017eivanje na otvorenom, okru\u017eeni svje\u017eim zrakom i ugodnim dru\u0161tvom.<\/p><p>Na\u0161a ladanjska oaza postaje \u0161arolikom paletom boja zahvaljuju\u0107i opadaju\u0107em li\u0161\u0107u i raznolikim oblicima <strong>bu\u010da<\/strong>, \u0161to stvara prekrasan ambijent kroz idu\u0107e jesenske mjeseci.<\/p>\t\t\t\t\t\t\t\t<\/div>\n\t\t\t\t<\/div>\n\t\t\t\t\t<\/div>\n\t\t<\/div>\n\t\t\t\t<div class=\"elementor-column elementor-col-50 elementor-top-column elementor-element elementor-element-62528f2\" data-id=\"62528f2\" data-element_type=\"column\" data-e-type=\"column\">\n\t\t\t<div class=\"elementor-widget-wrap elementor-element-populated\">\n\t\t\t\t\t\t<div class=\"elementor-element elementor-element-5001c19 elementor-widget elementor-widget-image\" data-id=\"5001c19\" data-element_type=\"widget\" data-e-type=\"widget\" data-widget_type=\"image.default\">\n\t\t\t\t<div class=\"elementor-widget-container\">\n\t\t\t\t\t\t\t\t\t\t\t\t\t\t\t<img fetchpriority=\"high\" decoding=\"async\" width=\"2560\" height=\"1707\" src=\"https:\/\/ladanjkodstrica.hr\/wp-content\/uploads\/2023\/10\/elena-leya-vesMzw6ADMA-unsplash-scaled.jpg\" class=\"attachment-full size-full wp-image-1074\" alt=\"juha od bu\u010de\" srcset=\"https:\/\/ladanjkodstrica.hr\/wp-content\/uploads\/2023\/10\/elena-leya-vesMzw6ADMA-unsplash-scaled.jpg 2560w, https:\/\/ladanjkodstrica.hr\/wp-content\/uploads\/2023\/10\/elena-leya-vesMzw6ADMA-unsplash-300x200.jpg 300w, https:\/\/ladanjkodstrica.hr\/wp-content\/uploads\/2023\/10\/elena-leya-vesMzw6ADMA-unsplash-1024x683.jpg 1024w, https:\/\/ladanjkodstrica.hr\/wp-content\/uploads\/2023\/10\/elena-leya-vesMzw6ADMA-unsplash-768x512.jpg 768w, https:\/\/ladanjkodstrica.hr\/wp-content\/uploads\/2023\/10\/elena-leya-vesMzw6ADMA-unsplash-1536x1024.jpg 1536w, https:\/\/ladanjkodstrica.hr\/wp-content\/uploads\/2023\/10\/elena-leya-vesMzw6ADMA-unsplash-2048x1365.jpg 2048w, https:\/\/ladanjkodstrica.hr\/wp-content\/uploads\/2023\/10\/elena-leya-vesMzw6ADMA-unsplash-18x12.jpg 18w\" sizes=\"(max-width: 2560px) 100vw, 2560px\" \/>\t\t\t\t\t\t\t\t\t\t\t\t\t\t\t<\/div>\n\t\t\t\t<\/div>\n\t\t\t\t\t<\/div>\n\t\t<\/div>\n\t\t\t\t\t<\/div>\n\t\t<\/section>\n\t\t\t\t<section class=\"elementor-section elementor-top-section elementor-element elementor-element-fbf903b elementor-reverse-tablet elementor-reverse-mobile elementor-section-boxed elementor-section-height-default elementor-section-height-default\" data-id=\"fbf903b\" data-element_type=\"section\" data-e-type=\"section\">\n\t\t\t\t\t\t<div class=\"elementor-container elementor-column-gap-default\">\n\t\t\t\t\t<div class=\"elementor-column elementor-col-50 elementor-top-column elementor-element elementor-element-4d3449e\" data-id=\"4d3449e\" data-element_type=\"column\" data-e-type=\"column\">\n\t\t\t<div class=\"elementor-widget-wrap elementor-element-populated\">\n\t\t\t\t\t\t<div class=\"elementor-element elementor-element-10d6cd9 elementor-widget elementor-widget-image\" data-id=\"10d6cd9\" data-element_type=\"widget\" data-e-type=\"widget\" data-widget_type=\"image.default\">\n\t\t\t\t<div class=\"elementor-widget-container\">\n\t\t\t\t\t\t\t\t\t\t\t\t\t\t\t\t<a href=\"https:\/\/www.tzig.hr\/manifestacije\/bu%C4%8Dijada\">\n\t\t\t\t\t\t\t<img decoding=\"async\" width=\"683\" height=\"1024\" data-src=\"https:\/\/ladanjkodstrica.hr\/wp-content\/uploads\/2023\/10\/cala-C5nJ0GhmLAU-unsplash-683x1024.jpg\" class=\"attachment-large size-large wp-image-1072 lazyload\" alt=\"bu\u010dijada\" data-srcset=\"https:\/\/ladanjkodstrica.hr\/wp-content\/uploads\/2023\/10\/cala-C5nJ0GhmLAU-unsplash-683x1024.jpg 683w, https:\/\/ladanjkodstrica.hr\/wp-content\/uploads\/2023\/10\/cala-C5nJ0GhmLAU-unsplash-200x300.jpg 200w, https:\/\/ladanjkodstrica.hr\/wp-content\/uploads\/2023\/10\/cala-C5nJ0GhmLAU-unsplash-768x1152.jpg 768w, https:\/\/ladanjkodstrica.hr\/wp-content\/uploads\/2023\/10\/cala-C5nJ0GhmLAU-unsplash-1024x1536.jpg 1024w, https:\/\/ladanjkodstrica.hr\/wp-content\/uploads\/2023\/10\/cala-C5nJ0GhmLAU-unsplash-1365x2048.jpg 1365w, https:\/\/ladanjkodstrica.hr\/wp-content\/uploads\/2023\/10\/cala-C5nJ0GhmLAU-unsplash-8x12.jpg 8w, https:\/\/ladanjkodstrica.hr\/wp-content\/uploads\/2023\/10\/cala-C5nJ0GhmLAU-unsplash-scaled.jpg 1707w\" data-sizes=\"(max-width: 683px) 100vw, 683px\" src=\"data:image\/svg+xml;base64,PHN2ZyB3aWR0aD0iMSIgaGVpZ2h0PSIxIiB4bWxucz0iaHR0cDovL3d3dy53My5vcmcvMjAwMC9zdmciPjwvc3ZnPg==\" style=\"--smush-placeholder-width: 683px; --smush-placeholder-aspect-ratio: 683\/1024;\" \/>\t\t\t\t\t\t\t\t<\/a>\n\t\t\t\t\t\t\t\t\t\t\t\t\t\t\t<\/div>\n\t\t\t\t<\/div>\n\t\t\t\t\t<\/div>\n\t\t<\/div>\n\t\t\t\t<div class=\"elementor-column elementor-col-50 elementor-top-column elementor-element elementor-element-b332e35\" data-id=\"b332e35\" data-element_type=\"column\" data-e-type=\"column\">\n\t\t\t<div class=\"elementor-widget-wrap elementor-element-populated\">\n\t\t\t\t\t\t<div class=\"elementor-element elementor-element-46096e1 elementor-widget elementor-widget-text-editor\" data-id=\"46096e1\" data-element_type=\"widget\" data-e-type=\"widget\" data-widget_type=\"text-editor.default\">\n\t\t\t\t<div class=\"elementor-widget-container\">\n\t\t\t\t\t\t\t\t\t<p>Kada govorimo o <strong>gastronomiji<\/strong>, jesen na Ladanju donosi pravo obilje. Sezonske namirnice postaju sredi\u0161nji dio na\u0161ih menija. Na\u0161 tradicionalni &#8220;<strong>Nedjeljni ru\u010dak<\/strong>&#8221; predstavlja savr\u0161enu priliku za degustaciju autenti\u010dne seoske kuhinje koja budi uspomene na djetinjstvo i mirise iz bakine kuhinje.<br \/><br \/>Na\u0161 jesenski meni mo\u017eete vidjeti na svim dru\u0161tvenim mre\u017eama ili klikom <a href=\"https:\/\/www.instagram.com\/ladanjkodstrica.hr\/\"><strong>ovdje<\/strong><\/a>.<\/p><p>Najistaknutija manifestacija u ovom podru\u010dju je &#8220;<strong>Bu\u010dijada<\/strong>&#8220;, koja se s ponosom odr\u017eava od 2004. godine, postaju\u0107i va\u017ean dio tradicije i raznovrsnosti sadr\u017eaja koji na\u0161 kraj nudi. Pri posjeti bu\u010dijade <strong>Ivani\u0107 Grada<\/strong>, toplo preporu\u010dujemo ku\u0161anje <strong>piva od bu\u010de<\/strong> te neodoljive <strong>bu\u010dokrem\u0161nite<\/strong>.<\/p><p>Ako planirate posjetiti nas za vrijeme Bu\u010dijade, imajte na umu da je na raspolaganju poseban &#8220;<strong>Bu\u010dko-Express<\/strong>&#8221; vlak. To je odli\u010dna opcija za one koji \u017eele izbje\u0107i prometne gu\u017eve i opredijeliti se za javni prijevoz.<\/p><p>Vi\u0161e info mo\u017eete pro\u010ditati <a href=\"https:\/\/www.tzig.hr\/manifestacije\/bu%C4%8Dijada\"><strong>ovdje<\/strong><\/a>.<\/p>\t\t\t\t\t\t\t\t<\/div>\n\t\t\t\t<\/div>\n\t\t\t\t\t<\/div>\n\t\t<\/div>\n\t\t\t\t\t<\/div>\n\t\t<\/section>\n\t\t\t\t<\/div>","protected":false},"excerpt":{"rendered":"<p>Jesen na Ladanju kod strica: Sezonske \u010darolije i tradicija Jesen na Ladanju Dok se ljetne avanture smiruju, jesen svesrdno kora\u010da kroz ladanjska vrata &#8220;Ladanj kod strica&#8220;. Iako su temperature malo toplije nego \u0161to je tipi\u010dno za ovo doba godine, pru\u017eaju idealne uvjete za u\u017eivanje na otvorenom, okru\u017eeni svje\u017eim zrakom i ugodnim dru\u0161tvom. Na\u0161a ladanjska oaza &hellip;<\/p>\n<p class=\"read-more\"> <a class=\"\" href=\"https:\/\/ladanjkodstrica.hr\/en\/pocetna\/blog\/jesen-na-ladanju\/\"> <span class=\"screen-reader-text\">Jesen na Ladanju kod strica: Sezonske \u010darolije i tradicija<\/span> Read More &raquo;<\/a><\/p>","protected":false},"author":1,"featured_media":0,"parent":862,"menu_order":0,"comment_status":"closed","ping_status":"closed","template":"","meta":{"_monsterinsights_skip_tracking":false,"_monsterinsights_sitenote_active":false,"_monsterinsights_sitenote_note":"","_monsterinsights_sitenote_category":0,"footnotes":""},"class_list":["post-1071","page","type-page","status-publish","hentry"],"aioseo_notices":[],"_links":{"self":[{"href":"https:\/\/ladanjkodstrica.hr\/en\/wp-json\/wp\/v2\/pages\/1071","targetHints":{"allow":["GET"]}}],"collection":[{"href":"https:\/\/ladanjkodstrica.hr\/en\/wp-json\/wp\/v2\/pages"}],"about":[{"href":"https:\/\/ladanjkodstrica.hr\/en\/wp-json\/wp\/v2\/types\/page"}],"author":[{"embeddable":true,"href":"https:\/\/ladanjkodstrica.hr\/en\/wp-json\/wp\/v2\/users\/1"}],"replies":[{"embeddable":true,"href":"https:\/\/ladanjkodstrica.hr\/en\/wp-json\/wp\/v2\/comments?post=1071"}],"version-history":[{"count":0,"href":"https:\/\/ladanjkodstrica.hr\/en\/wp-json\/wp\/v2\/pages\/1071\/revisions"}],"up":[{"embeddable":true,"href":"https:\/\/ladanjkodstrica.hr\/en\/wp-json\/wp\/v2\/pages\/862"}],"wp:attachment":[{"href":"https:\/\/ladanjkodstrica.hr\/en\/wp-json\/wp\/v2\/media?parent=1071"}],"curies":[{"name":"wp","href":"https:\/\/api.w.org\/{rel}","templated":true}]}}