{"id":579,"date":"2022-01-04T12:39:06","date_gmt":"2022-01-04T11:39:06","guid":{"rendered":"https:\/\/ladanjkodstrica.hr\/?page_id=579"},"modified":"2023-03-15T17:01:07","modified_gmt":"2023-03-15T16:01:07","slug":"kontakt","status":"publish","type":"page","link":"https:\/\/ladanjkodstrica.hr\/en\/pocetna\/kontakt\/","title":{"rendered":"Kontakt"},"content":{"rendered":"<div data-elementor-type=\"wp-page\" data-elementor-id=\"579\" class=\"elementor elementor-579\">\n\t\t\t\t\t\t<section class=\"elementor-section elementor-top-section elementor-element elementor-element-f55581d elementor-section-height-min-height elementor-section-boxed elementor-section-height-default elementor-section-items-middle\" data-id=\"f55581d\" data-element_type=\"section\" data-e-type=\"section\" data-settings=\"{&quot;background_background&quot;:&quot;classic&quot;}\">\n\t\t\t\t\t\t\t<div class=\"elementor-background-overlay\"><\/div>\n\t\t\t\t\t\t\t<div class=\"elementor-container elementor-column-gap-no\">\n\t\t\t\t\t<div class=\"elementor-column elementor-col-100 elementor-top-column elementor-element elementor-element-9da8eb8\" data-id=\"9da8eb8\" data-element_type=\"column\" data-e-type=\"column\">\n\t\t\t<div class=\"elementor-widget-wrap elementor-element-populated\">\n\t\t\t\t\t\t<div class=\"elementor-element elementor-element-ca86f67 animated-slow elementor-invisible elementor-widget elementor-widget-heading\" data-id=\"ca86f67\" data-element_type=\"widget\" data-e-type=\"widget\" data-settings=\"{&quot;_animation&quot;:&quot;fadeInDown&quot;}\" data-widget_type=\"heading.default\">\n\t\t\t\t<div class=\"elementor-widget-container\">\n\t\t\t\t\t<h1 class=\"elementor-heading-title elementor-size-default\">Kontakt <\/h1>\t\t\t\t<\/div>\n\t\t\t\t<\/div>\n\t\t\t\t<div class=\"elementor-element elementor-element-ac59f9c elementor-align-center elementor-widget elementor-widget-button\" data-id=\"ac59f9c\" data-element_type=\"widget\" data-e-type=\"widget\" data-widget_type=\"button.default\">\n\t\t\t\t<div class=\"elementor-widget-container\">\n\t\t\t\t\t\t\t\t\t<div class=\"elementor-button-wrapper\">\n\t\t\t\t\t<a class=\"elementor-button elementor-button-link elementor-size-md\" href=\"https:\/\/ladanjkodstrica.hr\/index.php\/pocetna\/upit\/\">\n\t\t\t\t\t\t<span class=\"elementor-button-content-wrapper\">\n\t\t\t\t\t\t\t\t\t<span class=\"elementor-button-text\">REZERVIRAJ<\/span>\n\t\t\t\t\t<\/span>\n\t\t\t\t\t<\/a>\n\t\t\t\t<\/div>\n\t\t\t\t\t\t\t\t<\/div>\n\t\t\t\t<\/div>\n\t\t\t\t\t<\/div>\n\t\t<\/div>\n\t\t\t\t\t<\/div>\n\t\t<\/section>\n\t\t\t\t<section class=\"elementor-section elementor-top-section elementor-element elementor-element-abf8d84 elementor-section-boxed elementor-section-height-default elementor-section-height-default\" data-id=\"abf8d84\" data-element_type=\"section\" data-e-type=\"section\" data-settings=\"{&quot;background_background&quot;:&quot;classic&quot;}\">\n\t\t\t\t\t\t<div class=\"elementor-container elementor-column-gap-default\">\n\t\t\t\t\t<div class=\"elementor-column elementor-col-50 elementor-top-column elementor-element elementor-element-580acc2\" data-id=\"580acc2\" data-element_type=\"column\" data-e-type=\"column\">\n\t\t\t<div class=\"elementor-widget-wrap elementor-element-populated\">\n\t\t\t\t\t\t<div class=\"elementor-element elementor-element-68384e5 elementor-widget elementor-widget-heading\" data-id=\"68384e5\" data-element_type=\"widget\" data-e-type=\"widget\" data-widget_type=\"heading.default\">\n\t\t\t\t<div class=\"elementor-widget-container\">\n\t\t\t\t\t<h2 class=\"elementor-heading-title elementor-size-xl\">Gdje?<\/h2>\t\t\t\t<\/div>\n\t\t\t\t<\/div>\n\t\t\t\t<div class=\"elementor-element elementor-element-b21d38b elementor-widget elementor-widget-text-editor\" data-id=\"b21d38b\" data-element_type=\"widget\" data-e-type=\"widget\" data-widget_type=\"text-editor.default\">\n\t\t\t\t<div class=\"elementor-widget-container\">\n\t\t\t\t\t\t\t\t\t<p>Restoran &#8220;Ladanj kod strica&#8221; pru\u017ea idili\u010dan seoski do\u017eivljaj u neposrednoj blizini Zagreba. Smje\u0161ten u selu Sobo\u010dani, restoran je udaljen samo<strong> 25 minuta<\/strong> vo\u017enje od grada, \u0161to ga \u010dini savr\u0161enim izborom za izlet ili opu\u0161taju\u0107i vikend u prirodi.<br \/><br \/>U\u017eivajte u seoskoj idili i gastronomskim specijalitetima koje pripremamo od svje\u017eih i lokalno uzgojenih namirnica. Posjetite restoran &#8220;Ladanj kod strica&#8221; i otkrijte savr\u0161eno mjesto za bijeg iz gradske vreve.<\/p>\t\t\t\t\t\t\t\t<\/div>\n\t\t\t\t<\/div>\n\t\t\t\t<div class=\"elementor-element elementor-element-1ecab26 elementor-widget elementor-widget-heading\" data-id=\"1ecab26\" data-element_type=\"widget\" data-e-type=\"widget\" data-widget_type=\"heading.default\">\n\t\t\t\t<div class=\"elementor-widget-container\">\n\t\t\t\t\t<h2 class=\"elementor-heading-title elementor-size-xl\">Radno vrijeme?<\/h2>\t\t\t\t<\/div>\n\t\t\t\t<\/div>\n\t\t\t\t<div class=\"elementor-element elementor-element-56aecf5 elementor-widget elementor-widget-text-editor\" data-id=\"56aecf5\" data-element_type=\"widget\" data-e-type=\"widget\" data-widget_type=\"text-editor.default\">\n\t\t\t\t<div class=\"elementor-widget-container\">\n\t\t\t\t\t\t\t\t\t<p>Radno vrijeme restorana &#8220;Ladanj kod strica&#8221; za nedjeljne ru\u010dkove je <strong>od 13h do 18h<\/strong>. <br \/><br \/>Za druge vrste okupljanja i domjenke potreban je prethodni dogovor. Kontaktirajte nas i dogovorite svoje posebno iskustvo u na\u0161em prekrasnom seoskom restoranu.<\/p>\t\t\t\t\t\t\t\t<\/div>\n\t\t\t\t<\/div>\n\t\t\t\t\t<\/div>\n\t\t<\/div>\n\t\t\t\t<div class=\"elementor-column elementor-col-50 elementor-top-column elementor-element elementor-element-eebd0a7\" data-id=\"eebd0a7\" data-element_type=\"column\" data-e-type=\"column\" id=\"karta\">\n\t\t\t<div class=\"elementor-widget-wrap elementor-element-populated\">\n\t\t\t\t\t\t<div class=\"elementor-element elementor-element-61b6feb elementor-widget elementor-widget-google_maps\" data-id=\"61b6feb\" data-element_type=\"widget\" data-e-type=\"widget\" data-widget_type=\"google_maps.default\">\n\t\t\t\t<div class=\"elementor-widget-container\">\n\t\t\t\t\t\t\t<div class=\"elementor-custom-embed\">\n\t\t\t<iframe\n\t\t\t\t\tdata-src=\"https:\/\/maps.google.com\/maps?q=Vinogradska%20ul%2012%2C%20Sobo%C4%8Dani&#038;t=m&#038;z=11&#038;output=embed&#038;iwloc=near\"\n\t\t\t\t\ttitle=\"Vinogradska ul 12, Sobo\u010dani\"\n\t\t\t\t\taria-label=\"Vinogradska ul 12, Sobo\u010dani\"\n\t\t\t src=\"data:image\/svg+xml;base64,PHN2ZyB3aWR0aD0iMSIgaGVpZ2h0PSIxIiB4bWxucz0iaHR0cDovL3d3dy53My5vcmcvMjAwMC9zdmciPjwvc3ZnPg==\" class=\"lazyload\" data-load-mode=\"1\"><\/iframe>\n\t\t<\/div>\n\t\t\t\t\t\t<\/div>\n\t\t\t\t<\/div>\n\t\t\t\t\t<\/div>\n\t\t<\/div>\n\t\t\t\t\t<\/div>\n\t\t<\/section>\n\t\t\t\t<section class=\"elementor-section elementor-top-section elementor-element elementor-element-29284b3 elementor-section-boxed elementor-section-height-default elementor-section-height-default\" data-id=\"29284b3\" data-element_type=\"section\" data-e-type=\"section\" data-settings=\"{&quot;background_background&quot;:&quot;classic&quot;}\">\n\t\t\t\t\t\t<div class=\"elementor-container elementor-column-gap-default\">\n\t\t\t\t\t<div class=\"elementor-column elementor-col-50 elementor-top-column elementor-element elementor-element-bfda95d\" data-id=\"bfda95d\" data-element_type=\"column\" data-e-type=\"column\">\n\t\t\t<div class=\"elementor-widget-wrap elementor-element-populated\">\n\t\t\t\t\t\t<div class=\"elementor-element elementor-element-994e1a8 elementor-widget elementor-widget-heading\" data-id=\"994e1a8\" data-element_type=\"widget\" data-e-type=\"widget\" data-widget_type=\"heading.default\">\n\t\t\t\t<div class=\"elementor-widget-container\">\n\t\t\t\t\t<h3 class=\"elementor-heading-title elementor-size-default\">Kontakt<\/h3>\t\t\t\t<\/div>\n\t\t\t\t<\/div>\n\t\t\t\t<div class=\"elementor-element elementor-element-f2fbbcf elementor-widget-divider--view-line elementor-widget elementor-widget-divider\" data-id=\"f2fbbcf\" data-element_type=\"widget\" data-e-type=\"widget\" data-widget_type=\"divider.default\">\n\t\t\t\t<div class=\"elementor-widget-container\">\n\t\t\t\t\t\t\t<div class=\"elementor-divider\">\n\t\t\t<span class=\"elementor-divider-separator\">\n\t\t\t\t\t\t<\/span>\n\t\t<\/div>\n\t\t\t\t\t\t<\/div>\n\t\t\t\t<\/div>\n\t\t\t\t<div class=\"elementor-element elementor-element-12f62dd elementor-widget elementor-widget-text-editor\" data-id=\"12f62dd\" data-element_type=\"widget\" data-e-type=\"widget\" data-widget_type=\"text-editor.default\">\n\t\t\t\t<div class=\"elementor-widget-container\">\n\t\t\t\t\t\t\t\t\t<h3>Sanja Pauli\u0107<\/h3><h5><img decoding=\"async\" class=\"alignnone  wp-image-475 lazyload\" data-src=\"http:\/\/ladanjkodstrica.hr\/wp-content\/uploads\/2021\/08\/telephone-300x300.png\" alt=\"\" width=\"25\" height=\"25\" data-srcset=\"https:\/\/ladanjkodstrica.hr\/wp-content\/uploads\/2021\/08\/telephone-300x300.png 300w, https:\/\/ladanjkodstrica.hr\/wp-content\/uploads\/2021\/08\/telephone-150x150.png 150w, https:\/\/ladanjkodstrica.hr\/wp-content\/uploads\/2021\/08\/telephone.png 512w\" data-sizes=\"(max-width: 25px) 100vw, 25px\" src=\"data:image\/svg+xml;base64,PHN2ZyB3aWR0aD0iMSIgaGVpZ2h0PSIxIiB4bWxucz0iaHR0cDovL3d3dy53My5vcmcvMjAwMC9zdmciPjwvc3ZnPg==\" style=\"--smush-placeholder-width: 25px; --smush-placeholder-aspect-ratio: 25\/25;\" \/> +385 98 2045 22<\/h5><div><h5 style=\"font-style: normal;\"><img decoding=\"async\" class=\"alignnone  wp-image-476 lazyload\" data-src=\"http:\/\/ladanjkodstrica.hr\/wp-content\/uploads\/2021\/08\/email-300x300.png\" alt=\"\" width=\"25\" height=\"25\" data-srcset=\"https:\/\/ladanjkodstrica.hr\/wp-content\/uploads\/2021\/08\/email-300x300.png 300w, https:\/\/ladanjkodstrica.hr\/wp-content\/uploads\/2021\/08\/email-150x150.png 150w, https:\/\/ladanjkodstrica.hr\/wp-content\/uploads\/2021\/08\/email.png 512w\" data-sizes=\"(max-width: 25px) 100vw, 25px\" src=\"data:image\/svg+xml;base64,PHN2ZyB3aWR0aD0iMSIgaGVpZ2h0PSIxIiB4bWxucz0iaHR0cDovL3d3dy53My5vcmcvMjAwMC9zdmciPjwvc3ZnPg==\" style=\"--smush-placeholder-width: 25px; --smush-placeholder-aspect-ratio: 25\/25;\" \/> sanja.ladanjkodstrica@gmail.com<\/h5><h5 style=\"font-style: normal;\"><img decoding=\"async\" class=\"alignnone  wp-image-477 lazyload\" data-src=\"http:\/\/ladanjkodstrica.hr\/wp-content\/uploads\/2021\/08\/pin-300x300.png\" alt=\"\" width=\"25\" height=\"25\" data-srcset=\"https:\/\/ladanjkodstrica.hr\/wp-content\/uploads\/2021\/08\/pin-300x300.png 300w, https:\/\/ladanjkodstrica.hr\/wp-content\/uploads\/2021\/08\/pin-150x150.png 150w, https:\/\/ladanjkodstrica.hr\/wp-content\/uploads\/2021\/08\/pin.png 512w\" data-sizes=\"(max-width: 25px) 100vw, 25px\" src=\"data:image\/svg+xml;base64,PHN2ZyB3aWR0aD0iMSIgaGVpZ2h0PSIxIiB4bWxucz0iaHR0cDovL3d3dy53My5vcmcvMjAwMC9zdmciPjwvc3ZnPg==\" style=\"--smush-placeholder-width: 25px; --smush-placeholder-aspect-ratio: 25\/25;\" \/> Vinogradska 12, Sobo\u010dani<\/h5><\/div>\t\t\t\t\t\t\t\t<\/div>\n\t\t\t\t<\/div>\n\t\t\t\t<div class=\"elementor-element elementor-element-64597a3 elementor-mobile-align-center elementor-widget elementor-widget-button\" data-id=\"64597a3\" data-element_type=\"widget\" data-e-type=\"widget\" data-widget_type=\"button.default\">\n\t\t\t\t<div class=\"elementor-widget-container\">\n\t\t\t\t\t\t\t\t\t<div class=\"elementor-button-wrapper\">\n\t\t\t\t\t<a class=\"elementor-button elementor-button-link elementor-size-sm\" href=\"https:\/\/ladanjkodstrica.hr\/index.php\/pocetna\/upit\/\">\n\t\t\t\t\t\t<span class=\"elementor-button-content-wrapper\">\n\t\t\t\t\t\t\t\t\t<span class=\"elementor-button-text\">PO\u0160ALJI UPIT<\/span>\n\t\t\t\t\t<\/span>\n\t\t\t\t\t<\/a>\n\t\t\t\t<\/div>\n\t\t\t\t\t\t\t\t<\/div>\n\t\t\t\t<\/div>\n\t\t\t\t\t<\/div>\n\t\t<\/div>\n\t\t\t\t<div class=\"elementor-column elementor-col-50 elementor-top-column elementor-element elementor-element-601087e\" data-id=\"601087e\" data-element_type=\"column\" data-e-type=\"column\">\n\t\t\t<div class=\"elementor-widget-wrap elementor-element-populated\">\n\t\t\t\t\t\t<div class=\"elementor-element elementor-element-e136691 elementor-widget elementor-widget-image\" data-id=\"e136691\" data-element_type=\"widget\" data-e-type=\"widget\" data-widget_type=\"image.default\">\n\t\t\t\t<div class=\"elementor-widget-container\">\n\t\t\t\t\t\t\t\t\t\t\t\t\t\t\t<img decoding=\"async\" width=\"1024\" height=\"683\" data-src=\"https:\/\/ladanjkodstrica.hr\/wp-content\/uploads\/2021\/09\/mama-1024x683.jpg\" class=\"attachment-large size-large wp-image-507 lazyload\" alt=\"ladanj vlasnik\" data-srcset=\"https:\/\/ladanjkodstrica.hr\/wp-content\/uploads\/2021\/09\/mama-1024x683.jpg 1024w, https:\/\/ladanjkodstrica.hr\/wp-content\/uploads\/2021\/09\/mama-300x200.jpg 300w, https:\/\/ladanjkodstrica.hr\/wp-content\/uploads\/2021\/09\/mama-768x512.jpg 768w, https:\/\/ladanjkodstrica.hr\/wp-content\/uploads\/2021\/09\/mama.jpg 1500w\" data-sizes=\"(max-width: 1024px) 100vw, 1024px\" src=\"data:image\/svg+xml;base64,PHN2ZyB3aWR0aD0iMSIgaGVpZ2h0PSIxIiB4bWxucz0iaHR0cDovL3d3dy53My5vcmcvMjAwMC9zdmciPjwvc3ZnPg==\" style=\"--smush-placeholder-width: 1024px; --smush-placeholder-aspect-ratio: 1024\/683;\" \/>\t\t\t\t\t\t\t\t\t\t\t\t\t\t\t<\/div>\n\t\t\t\t<\/div>\n\t\t\t\t\t<\/div>\n\t\t<\/div>\n\t\t\t\t\t<\/div>\n\t\t<\/section>\n\t\t\t\t<\/div>","protected":false},"excerpt":{"rendered":"<p>Kontakt REZERVIRAJ Gdje? Restoran &#8220;Ladanj kod strica&#8221; pru\u017ea idili\u010dan seoski do\u017eivljaj u neposrednoj blizini Zagreba. Smje\u0161ten u selu Sobo\u010dani, restoran je udaljen samo 25 minuta vo\u017enje od grada, \u0161to ga \u010dini savr\u0161enim izborom za izlet ili opu\u0161taju\u0107i vikend u prirodi. U\u017eivajte u seoskoj idili i gastronomskim specijalitetima koje pripremamo od svje\u017eih i lokalno uzgojenih namirnica. &hellip;<\/p>\n<p class=\"read-more\"> <a class=\"\" href=\"https:\/\/ladanjkodstrica.hr\/en\/pocetna\/kontakt\/\"> <span class=\"screen-reader-text\">Kontakt<\/span> Read More &raquo;<\/a><\/p>","protected":false},"author":1,"featured_media":0,"parent":59,"menu_order":0,"comment_status":"closed","ping_status":"closed","template":"","meta":{"_monsterinsights_skip_tracking":false,"_monsterinsights_sitenote_active":false,"_monsterinsights_sitenote_note":"","_monsterinsights_sitenote_category":0,"footnotes":""},"class_list":["post-579","page","type-page","status-publish","hentry"],"aioseo_notices":[],"_links":{"self":[{"href":"https:\/\/ladanjkodstrica.hr\/en\/wp-json\/wp\/v2\/pages\/579","targetHints":{"allow":["GET"]}}],"collection":[{"href":"https:\/\/ladanjkodstrica.hr\/en\/wp-json\/wp\/v2\/pages"}],"about":[{"href":"https:\/\/ladanjkodstrica.hr\/en\/wp-json\/wp\/v2\/types\/page"}],"author":[{"embeddable":true,"href":"https:\/\/ladanjkodstrica.hr\/en\/wp-json\/wp\/v2\/users\/1"}],"replies":[{"embeddable":true,"href":"https:\/\/ladanjkodstrica.hr\/en\/wp-json\/wp\/v2\/comments?post=579"}],"version-history":[{"count":0,"href":"https:\/\/ladanjkodstrica.hr\/en\/wp-json\/wp\/v2\/pages\/579\/revisions"}],"up":[{"embeddable":true,"href":"https:\/\/ladanjkodstrica.hr\/en\/wp-json\/wp\/v2\/pages\/59"}],"wp:attachment":[{"href":"https:\/\/ladanjkodstrica.hr\/en\/wp-json\/wp\/v2\/media?parent=579"}],"curies":[{"name":"wp","href":"https:\/\/api.w.org\/{rel}","templated":true}]}}