{"id":581,"date":"2022-01-04T12:40:59","date_gmt":"2022-01-04T11:40:59","guid":{"rendered":"https:\/\/ladanjkodstrica.hr\/?page_id=581"},"modified":"2023-04-03T17:57:55","modified_gmt":"2023-04-03T16:57:55","slug":"smjestaj","status":"publish","type":"page","link":"https:\/\/ladanjkodstrica.hr\/en\/pocetna\/smjestaj\/","title":{"rendered":"Smje\u0161taj"},"content":{"rendered":"<div data-elementor-type=\"wp-page\" data-elementor-id=\"581\" class=\"elementor elementor-581\">\n\t\t\t\t\t\t<section class=\"elementor-section elementor-top-section elementor-element elementor-element-f55581d elementor-section-height-min-height elementor-section-boxed elementor-section-height-default elementor-section-items-middle\" data-id=\"f55581d\" data-element_type=\"section\" data-e-type=\"section\" data-settings=\"{&quot;background_background&quot;:&quot;classic&quot;}\">\n\t\t\t\t\t\t\t<div class=\"elementor-background-overlay\"><\/div>\n\t\t\t\t\t\t\t<div class=\"elementor-container elementor-column-gap-no\">\n\t\t\t\t\t<div class=\"elementor-column elementor-col-100 elementor-top-column elementor-element elementor-element-9da8eb8\" data-id=\"9da8eb8\" data-element_type=\"column\" data-e-type=\"column\">\n\t\t\t<div class=\"elementor-widget-wrap elementor-element-populated\">\n\t\t\t\t\t\t<div class=\"elementor-element elementor-element-ca86f67 animated-slow elementor-invisible elementor-widget elementor-widget-heading\" data-id=\"ca86f67\" data-element_type=\"widget\" data-e-type=\"widget\" data-settings=\"{&quot;_animation&quot;:&quot;fadeInDown&quot;}\" data-widget_type=\"heading.default\">\n\t\t\t\t<div class=\"elementor-widget-container\">\n\t\t\t\t\t<h1 class=\"elementor-heading-title elementor-size-default\">No\u0107enje<\/h1>\t\t\t\t<\/div>\n\t\t\t\t<\/div>\n\t\t\t\t<div class=\"elementor-element elementor-element-ac59f9c elementor-align-center elementor-widget elementor-widget-button\" data-id=\"ac59f9c\" data-element_type=\"widget\" data-e-type=\"widget\" data-widget_type=\"button.default\">\n\t\t\t\t<div class=\"elementor-widget-container\">\n\t\t\t\t\t\t\t\t\t<div class=\"elementor-button-wrapper\">\n\t\t\t\t\t<a class=\"elementor-button elementor-button-link elementor-size-md\" href=\"https:\/\/ladanjkodstrica.hr\/index.php\/pocetna\/upit\/\">\n\t\t\t\t\t\t<span class=\"elementor-button-content-wrapper\">\n\t\t\t\t\t\t\t\t\t<span class=\"elementor-button-text\">PO\u0160ALJI UPIT<\/span>\n\t\t\t\t\t<\/span>\n\t\t\t\t\t<\/a>\n\t\t\t\t<\/div>\n\t\t\t\t\t\t\t\t<\/div>\n\t\t\t\t<\/div>\n\t\t\t\t\t<\/div>\n\t\t<\/div>\n\t\t\t\t\t<\/div>\n\t\t<\/section>\n\t\t\t\t<section class=\"elementor-section elementor-top-section elementor-element elementor-element-80e3017 elementor-section-boxed elementor-section-height-default elementor-section-height-default\" data-id=\"80e3017\" data-element_type=\"section\" data-e-type=\"section\">\n\t\t\t\t\t\t<div class=\"elementor-container elementor-column-gap-default\">\n\t\t\t\t\t<div class=\"elementor-column elementor-col-100 elementor-top-column elementor-element elementor-element-377d2fc\" data-id=\"377d2fc\" data-element_type=\"column\" data-e-type=\"column\">\n\t\t\t<div class=\"elementor-widget-wrap elementor-element-populated\">\n\t\t\t\t\t\t<div class=\"elementor-element elementor-element-b9d5eff elementor-widget elementor-widget-heading\" data-id=\"b9d5eff\" data-element_type=\"widget\" data-e-type=\"widget\" data-widget_type=\"heading.default\">\n\t\t\t\t<div class=\"elementor-widget-container\">\n\t\t\t\t\t<h3 class=\"elementor-heading-title elementor-size-default\">Odmorite se<\/h3>\t\t\t\t<\/div>\n\t\t\t\t<\/div>\n\t\t\t\t<div class=\"elementor-element elementor-element-7396698 elementor-widget elementor-widget-text-editor\" data-id=\"7396698\" data-element_type=\"widget\" data-e-type=\"widget\" data-widget_type=\"text-editor.default\">\n\t\t\t\t<div class=\"elementor-widget-container\">\n\t\t\t\t\t\t\t\t\t<p>Restoran &#8220;Ladanj kod strica&#8221; nudi idili\u010dno seosko okru\u017eenje u kojem mo\u017eete u\u017eivati u ponudi no\u0107enja. Sa \u010detiri udobne sobe na raspolaganju, gostima nudimo savr\u0161en smje\u0161taj za opu\u0161taju\u0107i odmor. U\u017eivajte u prekrasnoj prirodi, \u0161etnjama i aktivnostima na otvorenom, a nakon toga se opustite u udobnom smje\u0161taju.<br \/><br \/>Za potpuni do\u017eivljaj, na\u0161im gostima nudimo i ukusni doru\u010dak u restoranu. Rezervirajte svoj boravak u restoranu &#8220;Ladanj kod strica&#8221; i do\u017eivite nezaboravan odmor u idili\u010dnom seoskom okru\u017eenju.<\/p>\t\t\t\t\t\t\t\t<\/div>\n\t\t\t\t<\/div>\n\t\t\t\t\t<\/div>\n\t\t<\/div>\n\t\t\t\t\t<\/div>\n\t\t<\/section>\n\t\t\t\t<section class=\"elementor-section elementor-top-section elementor-element elementor-element-f4fe584 elementor-section-boxed elementor-section-height-default elementor-section-height-default\" data-id=\"f4fe584\" data-element_type=\"section\" data-e-type=\"section\">\n\t\t\t\t\t\t<div class=\"elementor-container elementor-column-gap-default\">\n\t\t\t\t\t<div class=\"elementor-column elementor-col-100 elementor-top-column elementor-element elementor-element-c7de7b2\" data-id=\"c7de7b2\" data-element_type=\"column\" data-e-type=\"column\">\n\t\t\t<div class=\"elementor-widget-wrap elementor-element-populated\">\n\t\t\t\t\t\t<div class=\"elementor-element elementor-element-e59282c elementor-widget elementor-widget-heading\" data-id=\"e59282c\" data-element_type=\"widget\" data-e-type=\"widget\" data-widget_type=\"heading.default\">\n\t\t\t\t<div class=\"elementor-widget-container\">\n\t\t\t\t\t<h3 class=\"elementor-heading-title elementor-size-default\">Cjenik<\/h3>\t\t\t\t<\/div>\n\t\t\t\t<\/div>\n\t\t\t\t<section class=\"elementor-section elementor-inner-section elementor-element elementor-element-0bb1c17 elementor-section-boxed elementor-section-height-default elementor-section-height-default\" data-id=\"0bb1c17\" data-element_type=\"section\" data-e-type=\"section\">\n\t\t\t\t\t\t<div class=\"elementor-container elementor-column-gap-default\">\n\t\t\t\t\t<div class=\"elementor-column elementor-col-50 elementor-inner-column elementor-element elementor-element-121e3ae\" data-id=\"121e3ae\" data-element_type=\"column\" data-e-type=\"column\">\n\t\t\t<div class=\"elementor-widget-wrap elementor-element-populated\">\n\t\t\t\t\t\t<div class=\"elementor-element elementor-element-af65313 premium-pricing-features-center elementor-widget elementor-widget-premium-addon-pricing-table\" data-id=\"af65313\" data-element_type=\"widget\" data-e-type=\"widget\" data-widget_type=\"premium-addon-pricing-table.default\">\n\t\t\t\t<div class=\"elementor-widget-container\">\n\t\t\t\t\t\n\t<div class=\"premium-pricing-table-container\">\n\t\t\t\t\t<h3 class=\"premium-pricing-table-title\">\n\t\t\t\tNo\u0107enje bez doru\u010dka\t\t\t<\/h3>\n\t\t\n\t\t\t\t\t<div class=\"premium-pricing-price-container\">\n\t\t\t\t<div class=\"premium-pricing-inner-wrapper\">\n\t\t\t\t\t\n\t\t\t\t\t<div class=\"premium-pricing-actual-wrapper\">\n\t\t\t\t\t\t\t\t\t\t\t\t\t<span class=\"premium-pricing-price-currency\">kn <\/span>\n\t\t\t\t\t\t\t\t\t\t\t\t\t\t\t\t\t\t\t<span class=\"premium-pricing-price-value\">250<\/span>\n\t\t\t\t\t\t\t\t\t\t\t<\/div>\n\t\t\t\t<\/div>\n\n\t\t\t\t<div class=\"separate-duration-wrapper\">\n\t\t\t\t\t\t\t\t\t\t\t<span class=\"premium-pricing-price-separator\">\n\t\t\t\t\t\t\t\/\t\t\t\t\t\t<\/span>\n\t\t\t\t\t\n\t\t\t\t\t\t\t\t\t\t\t<span class=\"premium-pricing-price-duration\">\n\t\t\t\t\t\t\tpo osobi\t\t\t\t\t\t<\/span>\n\t\t\t\t\t\t\t\t\t<\/div>\n\t\t\t<\/div>\n\t\t\t\t\t\t<ul class=\"premium-pricing-list\">\n\t\t\t\t\t\t\t\t\t\t\t<li class=\"elementor-repeater-item-c7992b4 premium-pricing-list-item premium-drawable-icon premium-svg-nodraw\">\n\t\t\t\t\t\t\t\t\t\t\t\t\t\t\t<i class=\"premium-pricing-feature-icon premium-svg-nodraw premium-drawable-icon fas fa-check\" aria-hidden=\"true\"><\/i>\t\t\t\t\t\t\t\n\t\t\t\t\t\t\t\t\t\t\t\t\t\t<span class=\"premium-pricing-list-span\">\n\t\t\t\t\t\t\t\tVlastita kupaonica\t\t\t\t\t\t\t<\/span>\n\t\t\t\t\t\t\t\t\t\t\t<\/li>\n\t\t\t\t\t\t\t\t\t<\/ul>\n\t\t\t\t\t\t\t<div class=\"premium-pricing-description-container\">\n\t\t\t\t<p>33,18 EUR (1 EUR = 7,53450 HRK)<\/p>\t\t\t<\/div>\n\t\t\t\t\t<\/div>\n\n\t\t\t\t\t\t<\/div>\n\t\t\t\t<\/div>\n\t\t\t\t\t<\/div>\n\t\t<\/div>\n\t\t\t\t<div class=\"elementor-column elementor-col-50 elementor-inner-column elementor-element elementor-element-4b8a4d4\" data-id=\"4b8a4d4\" data-element_type=\"column\" data-e-type=\"column\">\n\t\t\t<div class=\"elementor-widget-wrap elementor-element-populated\">\n\t\t\t\t\t\t<div class=\"elementor-element elementor-element-2d908aa premium-pricing-features-center elementor-widget elementor-widget-premium-addon-pricing-table\" data-id=\"2d908aa\" data-element_type=\"widget\" data-e-type=\"widget\" data-widget_type=\"premium-addon-pricing-table.default\">\n\t\t\t\t<div class=\"elementor-widget-container\">\n\t\t\t\t\t\n\t<div class=\"premium-pricing-table-container\">\n\t\t\t\t\t<h3 class=\"premium-pricing-table-title\">\n\t\t\t\tNo\u0107enje s doru\u010dkom\t\t\t<\/h3>\n\t\t\n\t\t\t\t\t<div class=\"premium-pricing-price-container\">\n\t\t\t\t<div class=\"premium-pricing-inner-wrapper\">\n\t\t\t\t\t\n\t\t\t\t\t<div class=\"premium-pricing-actual-wrapper\">\n\t\t\t\t\t\t\t\t\t\t\t\t\t<span class=\"premium-pricing-price-currency\">kn<\/span>\n\t\t\t\t\t\t\t\t\t\t\t\t\t\t\t\t\t\t\t<span class=\"premium-pricing-price-value\">300<\/span>\n\t\t\t\t\t\t\t\t\t\t\t<\/div>\n\t\t\t\t<\/div>\n\n\t\t\t\t<div class=\"separate-duration-wrapper\">\n\t\t\t\t\t\t\t\t\t\t\t<span class=\"premium-pricing-price-separator\">\n\t\t\t\t\t\t\t\/\t\t\t\t\t\t<\/span>\n\t\t\t\t\t\n\t\t\t\t\t\t\t\t\t\t\t<span class=\"premium-pricing-price-duration\">\n\t\t\t\t\t\t\tpo osobi\t\t\t\t\t\t<\/span>\n\t\t\t\t\t\t\t\t\t<\/div>\n\t\t\t<\/div>\n\t\t\t\t\t\t<ul class=\"premium-pricing-list\">\n\t\t\t\t\t\t\t\t\t\t\t<li class=\"elementor-repeater-item-c7992b4 premium-pricing-list-item premium-drawable-icon premium-svg-nodraw\">\n\t\t\t\t\t\t\t\t\t\t\t\t\t\t\t<i class=\"premium-pricing-feature-icon premium-svg-nodraw premium-drawable-icon fas fa-check\" aria-hidden=\"true\"><\/i>\t\t\t\t\t\t\t\n\t\t\t\t\t\t\t\t\t\t\t\t\t\t<span class=\"premium-pricing-list-span\">\n\t\t\t\t\t\t\t\tVlastita kupaonica\t\t\t\t\t\t\t<\/span>\n\t\t\t\t\t\t\t\t\t\t\t<\/li>\n\t\t\t\t\t\t\t\t\t\t\t<li class=\"elementor-repeater-item-a98e250 premium-pricing-list-item premium-drawable-icon premium-svg-nodraw\">\n\t\t\t\t\t\t\t\t\t\t\t\t\t\t\t<i class=\"premium-pricing-feature-icon premium-svg-nodraw premium-drawable-icon fas fa-check\" aria-hidden=\"true\"><\/i>\t\t\t\t\t\t\t\n\t\t\t\t\t\t\t\t\t\t\t\t\t\t<span class=\"premium-pricing-list-span\">\n\t\t\t\t\t\t\t\tDoru\u010dak po izboru\t\t\t\t\t\t\t<\/span>\n\t\t\t\t\t\t\t\t\t\t\t<\/li>\n\t\t\t\t\t\t\t\t\t<\/ul>\n\t\t\t\t\t\t\t<div class=\"premium-pricing-description-container\">\n\t\t\t\t<p>39,82 EUR (1 EUR = 7,53450 HRK)<\/p>\t\t\t<\/div>\n\t\t\t\t\t<\/div>\n\n\t\t\t\t\t\t<\/div>\n\t\t\t\t<\/div>\n\t\t\t\t\t<\/div>\n\t\t<\/div>\n\t\t\t\t\t<\/div>\n\t\t<\/section>\n\t\t\t\t\t<\/div>\n\t\t<\/div>\n\t\t\t\t\t<\/div>\n\t\t<\/section>\n\t\t\t\t<section class=\"elementor-section elementor-top-section elementor-element elementor-element-6a7ce13 animated-slow elementor-section-boxed elementor-section-height-default elementor-section-height-default elementor-invisible\" data-id=\"6a7ce13\" data-element_type=\"section\" data-e-type=\"section\" data-settings=\"{&quot;background_background&quot;:&quot;classic&quot;,&quot;animation&quot;:&quot;fadeInRight&quot;}\">\n\t\t\t\t\t\t<div class=\"elementor-container elementor-column-gap-default\">\n\t\t\t\t\t<div class=\"elementor-column elementor-col-100 elementor-top-column elementor-element elementor-element-67d69f2\" data-id=\"67d69f2\" data-element_type=\"column\" data-e-type=\"column\">\n\t\t\t<div class=\"elementor-widget-wrap elementor-element-populated\">\n\t\t\t\t\t\t<div class=\"elementor-element elementor-element-d49d4af elementor-widget elementor-widget-text-editor\" data-id=\"d49d4af\" data-element_type=\"widget\" data-e-type=\"widget\" data-widget_type=\"text-editor.default\">\n\t\t\t\t<div class=\"elementor-widget-container\">\n\t\t\t\t\t\t\t\t\t<p>Djeca 3-12 godina 100,00 kn\/dan &#8211; 13,27 EUR \/ dan (1 EUR = 7,53450 HRK)<\/p><p>Djeca mla\u0111a od 3 godine &#8211; besplatan smje\u0161taj<\/p>\t\t\t\t\t\t\t\t<\/div>\n\t\t\t\t<\/div>\n\t\t\t\t<div class=\"elementor-element elementor-element-7edda5e elementor-widget elementor-widget-heading\" data-id=\"7edda5e\" data-element_type=\"widget\" data-e-type=\"widget\" data-widget_type=\"heading.default\">\n\t\t\t\t<div class=\"elementor-widget-container\">\n\t\t\t\t\t<h3 class=\"elementor-heading-title elementor-size-default\">Nadoplate<\/h3>\t\t\t\t<\/div>\n\t\t\t\t<\/div>\n\t\t\t\t<div class=\"elementor-element elementor-element-ac78770 elementor-widget elementor-widget-text-editor\" data-id=\"ac78770\" data-element_type=\"widget\" data-e-type=\"widget\" data-widget_type=\"text-editor.default\">\n\t\t\t\t<div class=\"elementor-widget-container\">\n\t\t\t\t\t\t\t\t\t<p><em>BORAVI\u0160NA PRISTOJBA<\/em><\/p>\n<p><em>Odrasli 10,00 kn\/dan &#8211; 1,33 EUR \/ dan (1 EUR = 7,53450 HRK)<\/em><\/p>\n<p><em>Djeca 12-18 god. 5,00 kn\/dan &#8211; 0,67&nbsp;<\/em>EUR \/ dan&nbsp; (1 EUR = 7,53450 HRK)<\/p>\t\t\t\t\t\t\t\t<\/div>\n\t\t\t\t<\/div>\n\t\t\t\t\t<\/div>\n\t\t<\/div>\n\t\t\t\t\t<\/div>\n\t\t<\/section>\n\t\t\t\t<\/div>","protected":false},"excerpt":{"rendered":"<p>No\u0107enje PO\u0160ALJI UPIT Odmorite se Restoran &#8220;Ladanj kod strica&#8221; nudi idili\u010dno seosko okru\u017eenje u kojem mo\u017eete u\u017eivati u ponudi no\u0107enja. Sa \u010detiri udobne sobe na raspolaganju, gostima nudimo savr\u0161en smje\u0161taj za opu\u0161taju\u0107i odmor. U\u017eivajte u prekrasnoj prirodi, \u0161etnjama i aktivnostima na otvorenom, a nakon toga se opustite u udobnom smje\u0161taju. Za potpuni do\u017eivljaj, na\u0161im gostima &hellip;<\/p>\n<p class=\"read-more\"> <a class=\"\" href=\"https:\/\/ladanjkodstrica.hr\/en\/pocetna\/smjestaj\/\"> <span class=\"screen-reader-text\">Smje\u0161taj<\/span> Read More &raquo;<\/a><\/p>","protected":false},"author":1,"featured_media":0,"parent":59,"menu_order":0,"comment_status":"closed","ping_status":"closed","template":"","meta":{"_monsterinsights_skip_tracking":false,"_monsterinsights_sitenote_active":false,"_monsterinsights_sitenote_note":"","_monsterinsights_sitenote_category":0,"footnotes":""},"class_list":["post-581","page","type-page","status-publish","hentry"],"aioseo_notices":[],"_links":{"self":[{"href":"https:\/\/ladanjkodstrica.hr\/en\/wp-json\/wp\/v2\/pages\/581","targetHints":{"allow":["GET"]}}],"collection":[{"href":"https:\/\/ladanjkodstrica.hr\/en\/wp-json\/wp\/v2\/pages"}],"about":[{"href":"https:\/\/ladanjkodstrica.hr\/en\/wp-json\/wp\/v2\/types\/page"}],"author":[{"embeddable":true,"href":"https:\/\/ladanjkodstrica.hr\/en\/wp-json\/wp\/v2\/users\/1"}],"replies":[{"embeddable":true,"href":"https:\/\/ladanjkodstrica.hr\/en\/wp-json\/wp\/v2\/comments?post=581"}],"version-history":[{"count":0,"href":"https:\/\/ladanjkodstrica.hr\/en\/wp-json\/wp\/v2\/pages\/581\/revisions"}],"up":[{"embeddable":true,"href":"https:\/\/ladanjkodstrica.hr\/en\/wp-json\/wp\/v2\/pages\/59"}],"wp:attachment":[{"href":"https:\/\/ladanjkodstrica.hr\/en\/wp-json\/wp\/v2\/media?parent=581"}],"curies":[{"name":"wp","href":"https:\/\/api.w.org\/{rel}","templated":true}]}}