{"id":750,"date":"2022-04-12T18:41:39","date_gmt":"2022-04-12T17:41:39","guid":{"rendered":"https:\/\/ladanjkodstrica.hr\/?page_id=750"},"modified":"2022-04-12T18:55:49","modified_gmt":"2022-04-12T17:55:49","slug":"privacy-policy","status":"publish","type":"page","link":"https:\/\/ladanjkodstrica.hr\/en\/pocetna\/privacy-policy\/","title":{"rendered":"Privacy Policy"},"content":{"rendered":"<div data-elementor-type=\"wp-page\" data-elementor-id=\"750\" class=\"elementor elementor-750\">\n\t\t\t\t\t\t<section class=\"elementor-section elementor-top-section elementor-element elementor-element-f55581d elementor-section-height-min-height elementor-section-boxed elementor-section-height-default elementor-section-items-middle\" data-id=\"f55581d\" data-element_type=\"section\" data-e-type=\"section\" data-settings=\"{&quot;background_background&quot;:&quot;classic&quot;}\">\n\t\t\t\t\t\t\t<div class=\"elementor-background-overlay\"><\/div>\n\t\t\t\t\t\t\t<div class=\"elementor-container elementor-column-gap-no\">\n\t\t\t\t\t<div class=\"elementor-column elementor-col-100 elementor-top-column elementor-element elementor-element-9da8eb8\" data-id=\"9da8eb8\" data-element_type=\"column\" data-e-type=\"column\">\n\t\t\t<div class=\"elementor-widget-wrap elementor-element-populated\">\n\t\t\t\t\t\t<div class=\"elementor-element elementor-element-d89e0e9 animated-slow elementor-invisible elementor-widget elementor-widget-heading\" data-id=\"d89e0e9\" data-element_type=\"widget\" data-e-type=\"widget\" data-settings=\"{&quot;_animation&quot;:&quot;fadeInDown&quot;}\" data-widget_type=\"heading.default\">\n\t\t\t\t<div class=\"elementor-widget-container\">\n\t\t\t\t\t<h2 class=\"elementor-heading-title elementor-size-default\">Politika privatnosti<\/h2>\t\t\t\t<\/div>\n\t\t\t\t<\/div>\n\t\t\t\t\t<\/div>\n\t\t<\/div>\n\t\t\t\t\t<\/div>\n\t\t<\/section>\n\t\t\t\t<section class=\"elementor-section elementor-top-section elementor-element elementor-element-127a5aa elementor-section-boxed elementor-section-height-default elementor-section-height-default\" data-id=\"127a5aa\" data-element_type=\"section\" data-e-type=\"section\">\n\t\t\t\t\t\t<div class=\"elementor-container elementor-column-gap-default\">\n\t\t\t\t\t<div class=\"elementor-column elementor-col-100 elementor-top-column elementor-element elementor-element-4a7f258\" data-id=\"4a7f258\" data-element_type=\"column\" data-e-type=\"column\">\n\t\t\t<div class=\"elementor-widget-wrap elementor-element-populated\">\n\t\t\t\t\t\t<div class=\"elementor-element elementor-element-6c00a4b elementor-widget elementor-widget-text-editor\" data-id=\"6c00a4b\" data-element_type=\"widget\" data-e-type=\"widget\" data-widget_type=\"text-editor.default\">\n\t\t\t\t<div class=\"elementor-widget-container\">\n\t\t\t\t\t\t\t\t\t<p><strong>Politika privatnosti \u201eLadanj kod strica\u201c.<br \/><\/strong><br \/>Ova politika privatnosti otkriva praksu privatnosti za https:\/\/www.\u201cladanjkodstrica\u201c.hr i \u201eLADANJ KOD STRICA\u201c d.o.o. (u daljnjem tekstu \u201cLadanj kod strica\u201d). Ova se pravila o privatnosti odnose na podatke koje prikuplja ova web stranica.<\/p><p>\u201eLadanj kod strica\u201c se zala\u017ee za za\u0161titu va\u0161e privatnosti i sigurnost va\u0161ih podataka. Sve identifikacijske informacije koje navedete koristit \u0107e se u skladu s ovom izjavom o privatnosti. Va\u0161e podatke obra\u0111ujemo isklju\u010divo na temelju zakonskih propisa. U ovoj politici privatnosti obavje\u0161tavamo vas o najva\u017enijim aspektima obrade podataka unutar na\u0161e web stranice.<br \/>Informacije koje prikupljamo<br \/>Za sve posjete i pristup korisnika na\u0161im web stranicama, pristupni podaci o ovom procesu pohranjuju se na na\u0161em web poslu\u017eitelju u datoteci zapisnika. U ovom trenutku ne\u0107e se prikupljati nikakvi osobni podaci. Podaci se pohranjuju anonimno \u2013 i stoga bez osobne reference. To se radi radi sigurnosti podataka i u statisti\u010dke svrhe.<\/p><p>Od vas prikupljamo osobne podatke kada ispunite na\u0161 online obrazac za kontakt ili nam po\u0161aljete e-po\u0161tu. Prikupljanje, obrada i kori\u0161tenje ovih podataka regulirano je zakonom. Mo\u017eete zatra\u017eiti informacije o svojim pohranjenim osobnim podacima. Osim toga, mo\u017eete zatra\u017eiti ispravak svojih podataka ako su neto\u010dni ili nepotpuni. Zahtjevi za brisanje ili blokiranje va\u0161ih podataka mogu postojati ako se njihovo prikupljanje, obrada ili kori\u0161tenje poka\u017ee nedopustivim ili vi\u0161e nije potrebno. Za ostvarivanje ovih prava koristite kontakt podatke.<\/p><p>Ako ste nas ve\u0107 kontaktirali, mo\u017eemo povremeno slati e-poruke o na\u0161im uslugama, ponudama ili drugim informacijama (vijesti o tvrtki, a\u017euriranja, itd.) za koje mislimo da bi vam mogle biti zanimljive koriste\u0107i adresu e-po\u0161te koju ste naveli putem na\u0161e web stranice.<br \/>Anonimizacija IP-a<br \/>Na ovoj web stranici koristimo funkciju &#8220;aktivacija IP anonimizacije&#8221;. Kao rezultat toga, Google \u0107e skratiti va\u0161u IP adresu unutar dr\u017eava \u010dlanica Europske unije ili u drugim dr\u017eavama ugovornicama Sporazuma o Europskoj uniji. Samo u iznimnim slu\u010dajevima puna IP adresa bit \u0107e poslana na Google poslu\u017eitelj u SAD-u i tamo skra\u0107ena. U ime operatera ove web stranice, Google \u0107e koristiti ove informacije za procjenu va\u0161e upotrebe web stranice, generiranje izvje\u0161\u0107a o aktivnostima web stranice i pru\u017eanje drugih usluga povezanih s aktivnostima web stranice i kori\u0161tenjem interneta operateru web stranice. IP adresa koju pru\u017ea Google Analytics kao dio Google Analytics ne\u0107e se spojiti s drugim Google podacima.<\/p><p><strong>Kola\u010di\u0107i i pra\u0107enje<\/strong><br \/>Na\u0161a web stranica koristi kola\u010di\u0107e. Kola\u010di\u0107i su male datoteke koje se pohranjuju na va\u0161em ure\u0111aju pomo\u0107u preglednika. Ne \u010dine nikakvu \u0161tetu. Kola\u010di\u0107 nam omogu\u0107uje da prepoznamo va\u0161 preglednik kako bismo uhvatili i zapamtili odre\u0111ene informacije, kao i analizirali web promet.<\/p><p>Koristimo kola\u010di\u0107e kako bismo na\u0161u ponudu u\u010dinili jednostavnijom za korisnike. Neki kola\u010di\u0107i ostaju pohranjeni na va\u0161em ure\u0111aju dok ih ne izbri\u0161ete. Kako ih izbrisati mo\u017eete prona\u0107i u priru\u010dnicima va\u0161eg preglednika. Kola\u010di\u0107i nam omogu\u0107uju da prilikom sljede\u0107eg posjeta prepoznamo va\u0161 preglednik.<\/p><p>Kola\u010di\u0107 se koristi za prikaz personaliziranih prijedloga stranica. Pri tome se ne pohranjuju IP brojevi.<\/p><p>Ako to ne \u017eelite, mo\u017eete postaviti svoj preglednik tako da vas obavje\u0161tava o postavljanju kola\u010di\u0107a i to dopu\u0161tate samo u pojedina\u010dnim slu\u010dajevima.<\/p><p>Onemogu\u0107avanje kola\u010di\u0107a mo\u017ee ograni\u010diti funkcionalnost na\u0161e web stranice.<br \/>Kori\u0161tenje Google Analytics<br \/>Ova web stranica koristi funkcije usluge web analitike Google Analytics. Dobavlja\u010d je Google Inc., 1600 Amphitheatre Parkway Mountain View, CA 94043, SAD.<\/p><p>Google Analytics koristi takve ciljane kola\u010di\u0107e.<\/p><p>Za vi\u0161e informacija o tome kako rukovati korisni\u010dkim podacima na Google Analyticsu, pogledajte Googleova pravila o privatnosti:<\/p><p><a href=\"https:\/\/support.google.com\/analytics\/answer\/6004245?hl=en\">https:\/\/support.google.com\/analytics\/answer\/6004245?hl=hr<\/a><\/p><p>Kada koristite web stranicu, kola\u010di\u0107i se koriste za generiranje podataka koje Google prikuplja i obra\u0111uje. To mo\u017eete sprije\u010diti preuzimanjem i instaliranjem dodatka preglednika dostupnog na sljede\u0107oj poveznici:\u00a0<br \/><a href=\"https:\/\/tools.google.com\/dlpage\/gaoptout?hl=en\">https:\/\/tools.google.com\/dlpage\/gaoptout?hl=en<\/a><\/p><p>Alternativno, mo\u017eete sprije\u010diti prikupljanje va\u0161ih podataka od strane Google Analytics klikom na sljede\u0107u vezu. Postavit \u0107e se kola\u010di\u0107 za isklju\u010divanje koji sprje\u010dava prikupljanje va\u0161ih podataka o budu\u0107im posjetima ovoj web stranici.<br \/>Veze na druge web stranice<br \/>Ova web stranica mo\u017ee sadr\u017eavati poveznice na druge web stranice. Nemamo kontrolu nad \u010dinjenicom da li se operateri drugih web stranica pridr\u017eavaju propisa o za\u0161titi podataka.<\/p><p><strong>Sigurnost osobnih podataka<\/strong><br \/>Osobni podaci koji se razmjenjuju izme\u0111u vas i nas putem na\u0161e web stranice prenose se na siguran na\u010din. Svi kori\u0161teni IT sustavi za\u0161ti\u0107eni su od neovla\u0161tenog pristupa sigurnosnim sustavima, a zaposlenici su posve\u0107eni tajnosti podataka. Me\u0111utim, \u201eLadanj kod strica\u201c nema utjecaja na prijenos podataka putem interneta te stoga ne mo\u017ee isklju\u010diti zlouporabu pristupa tre\u0107e strane.<\/p><p><strong>Nepo\u0161tivanje prikupljanja\/kontrole podataka<\/strong><\/p><p>Ako nam op\u0107enito ne dopu\u0161tate kori\u0161tenje kola\u010di\u0107a, kola\u010di\u0107i koji se ve\u0107 nalaze na va\u0161em ra\u010dunalu mogu se izbrisati u bilo kojem trenutku. Postupak se mo\u017ee prona\u0107i u priru\u010dniku va\u0161eg preglednika.<\/p><p>Imate pravo biti obavije\u0161teni o ispravku, brisanju, ograni\u010denju, prijenosu podataka, opozivu i prigovoru. Ako smatrate da obrada va\u0161ih podataka kr\u0161i zakon o za\u0161titi podataka ili ako su va\u0161e tvrdnje o za\u0161titi podataka na neki drugi na\u010din povrije\u0111ene, mo\u017eete se \u017ealiti nadzornom tijelu.<\/p><p><strong>Trajanje pohrane podataka<\/strong><br \/>\u201eLadanj kod strica\u201c prikuplja i koristi osobne podatke kako bi Vam pru\u017eio optimalnu ponudu usluga i informirao Vas o novim proizvodima. Ako niste zainteresirani, uvijek nas o tome mo\u017eete obavijestiti putem kontakt adrese u pravnoj obavijesti.<\/p><p>Podaci koji se pohranjuju kod nas \u2013 uklju\u010duju\u0107i osobne podatke \u2013 odr\u017eavaju se sve dok to odgovara zakonskoj obvezi pohrane ili je svrsishodno za ispunjavanje na\u0161ih usluga.<br \/>nadopune<br \/>\u201eLadanj kod strica\u201c mo\u017ee s vremena na vrijeme promijeniti ovu politiku. Sve promjene \u0107e se pojaviti na ovoj stranici. Ova pravila su na snazi \u200b\u200bod 10. velja\u010de 2022.<br \/><strong>Va\u0161 pristanak<\/strong><br \/>Kori\u0161tenjem na\u0161e stranice pristajete na na\u0161u politiku privatnosti.<\/p>\t\t\t\t\t\t\t\t<\/div>\n\t\t\t\t<\/div>\n\t\t\t\t\t<\/div>\n\t\t<\/div>\n\t\t\t\t\t<\/div>\n\t\t<\/section>\n\t\t\t\t<\/div>","protected":false},"excerpt":{"rendered":"<p>Politika privatnosti Politika privatnosti \u201eLadanj kod strica\u201c.Ova politika privatnosti otkriva praksu privatnosti za https:\/\/www.\u201cladanjkodstrica\u201c.hr i \u201eLADANJ KOD STRICA\u201c d.o.o. (u daljnjem tekstu \u201cLadanj kod strica\u201d). Ova se pravila o privatnosti odnose na podatke koje prikuplja ova web stranica. \u201eLadanj kod strica\u201c se zala\u017ee za za\u0161titu va\u0161e privatnosti i sigurnost va\u0161ih podataka. Sve identifikacijske informacije koje &hellip;<\/p>\n<p class=\"read-more\"> <a class=\"\" href=\"https:\/\/ladanjkodstrica.hr\/en\/pocetna\/privacy-policy\/\"> <span class=\"screen-reader-text\">Privacy Policy<\/span> Read More &raquo;<\/a><\/p>","protected":false},"author":1,"featured_media":0,"parent":59,"menu_order":0,"comment_status":"closed","ping_status":"closed","template":"","meta":{"_monsterinsights_skip_tracking":false,"_monsterinsights_sitenote_active":false,"_monsterinsights_sitenote_note":"","_monsterinsights_sitenote_category":0,"footnotes":""},"class_list":["post-750","page","type-page","status-publish","hentry"],"aioseo_notices":[],"_links":{"self":[{"href":"https:\/\/ladanjkodstrica.hr\/en\/wp-json\/wp\/v2\/pages\/750","targetHints":{"allow":["GET"]}}],"collection":[{"href":"https:\/\/ladanjkodstrica.hr\/en\/wp-json\/wp\/v2\/pages"}],"about":[{"href":"https:\/\/ladanjkodstrica.hr\/en\/wp-json\/wp\/v2\/types\/page"}],"author":[{"embeddable":true,"href":"https:\/\/ladanjkodstrica.hr\/en\/wp-json\/wp\/v2\/users\/1"}],"replies":[{"embeddable":true,"href":"https:\/\/ladanjkodstrica.hr\/en\/wp-json\/wp\/v2\/comments?post=750"}],"version-history":[{"count":0,"href":"https:\/\/ladanjkodstrica.hr\/en\/wp-json\/wp\/v2\/pages\/750\/revisions"}],"up":[{"embeddable":true,"href":"https:\/\/ladanjkodstrica.hr\/en\/wp-json\/wp\/v2\/pages\/59"}],"wp:attachment":[{"href":"https:\/\/ladanjkodstrica.hr\/en\/wp-json\/wp\/v2\/media?parent=750"}],"curies":[{"name":"wp","href":"https:\/\/api.w.org\/{rel}","templated":true}]}}