{"id":862,"date":"2022-12-06T16:26:50","date_gmt":"2022-12-06T15:26:50","guid":{"rendered":"https:\/\/ladanjkodstrica.hr\/?page_id=862"},"modified":"2023-10-04T19:36:19","modified_gmt":"2023-10-04T18:36:19","slug":"blog","status":"publish","type":"page","link":"https:\/\/ladanjkodstrica.hr\/en\/pocetna\/blog\/","title":{"rendered":"Blog"},"content":{"rendered":"<div data-elementor-type=\"wp-page\" data-elementor-id=\"862\" class=\"elementor elementor-862\">\n\t\t\t\t\t\t<section class=\"elementor-section elementor-top-section elementor-element elementor-element-f55581d elementor-section-height-min-height elementor-section-boxed elementor-section-height-default elementor-section-items-middle\" data-id=\"f55581d\" data-element_type=\"section\" data-e-type=\"section\" data-settings=\"{&quot;background_background&quot;:&quot;classic&quot;}\">\n\t\t\t\t\t\t\t<div class=\"elementor-background-overlay\"><\/div>\n\t\t\t\t\t\t\t<div class=\"elementor-container elementor-column-gap-no\">\n\t\t\t\t\t<div class=\"elementor-column elementor-col-100 elementor-top-column elementor-element elementor-element-9da8eb8\" data-id=\"9da8eb8\" data-element_type=\"column\" data-e-type=\"column\">\n\t\t\t<div class=\"elementor-widget-wrap elementor-element-populated\">\n\t\t\t\t\t\t<div class=\"elementor-element elementor-element-ca86f67 animated-slow elementor-invisible elementor-widget elementor-widget-heading\" data-id=\"ca86f67\" data-element_type=\"widget\" data-e-type=\"widget\" data-settings=\"{&quot;_animation&quot;:&quot;fadeInDown&quot;}\" data-widget_type=\"heading.default\">\n\t\t\t\t<div class=\"elementor-widget-container\">\n\t\t\t\t\t<h1 class=\"elementor-heading-title elementor-size-default\">Blog <\/h1>\t\t\t\t<\/div>\n\t\t\t\t<\/div>\n\t\t\t\t\t<\/div>\n\t\t<\/div>\n\t\t\t\t\t<\/div>\n\t\t<\/section>\n\t\t\t\t<section class=\"elementor-section elementor-top-section elementor-element elementor-element-4c62e91 elementor-section-boxed elementor-section-height-default elementor-section-height-default\" data-id=\"4c62e91\" data-element_type=\"section\" data-e-type=\"section\">\n\t\t\t\t\t\t<div class=\"elementor-container elementor-column-gap-default\">\n\t\t\t\t\t<div class=\"elementor-column elementor-col-50 elementor-top-column elementor-element elementor-element-0d0ac97\" data-id=\"0d0ac97\" data-element_type=\"column\" data-e-type=\"column\">\n\t\t\t<div class=\"elementor-widget-wrap elementor-element-populated\">\n\t\t\t\t\t\t<div class=\"elementor-element elementor-element-c164baa elementor-position-top elementor-widget elementor-widget-image-box\" data-id=\"c164baa\" data-element_type=\"widget\" data-e-type=\"widget\" data-widget_type=\"image-box.default\">\n\t\t\t\t<div class=\"elementor-widget-container\">\n\t\t\t\t\t<div class=\"elementor-image-box-wrapper\"><figure class=\"elementor-image-box-img\"><a href=\"https:\/\/ladanjkodstrica.hr\/index.php\/pocetna\/bozic-na-ladnju\" tabindex=\"-1\"><img fetchpriority=\"high\" decoding=\"async\" width=\"200\" height=\"300\" src=\"https:\/\/ladanjkodstrica.hr\/wp-content\/uploads\/2022\/12\/jonathan-borba-F6FWQNoilq8-unsplash-e1679603287538-200x300.png\" class=\"attachment-medium size-medium wp-image-877\" alt=\"bo\u017ei\u0107ne kuglice u restoranu\" srcset=\"https:\/\/ladanjkodstrica.hr\/wp-content\/uploads\/2022\/12\/jonathan-borba-F6FWQNoilq8-unsplash-e1679603287538-200x300.png 200w, https:\/\/ladanjkodstrica.hr\/wp-content\/uploads\/2022\/12\/jonathan-borba-F6FWQNoilq8-unsplash-e1679603287538-683x1024.png 683w, https:\/\/ladanjkodstrica.hr\/wp-content\/uploads\/2022\/12\/jonathan-borba-F6FWQNoilq8-unsplash-e1679603287538-768x1152.png 768w, https:\/\/ladanjkodstrica.hr\/wp-content\/uploads\/2022\/12\/jonathan-borba-F6FWQNoilq8-unsplash-e1679603287538-8x12.png 8w, https:\/\/ladanjkodstrica.hr\/wp-content\/uploads\/2022\/12\/jonathan-borba-F6FWQNoilq8-unsplash-e1679603287538.png 800w\" sizes=\"(max-width: 200px) 100vw, 200px\" \/><\/a><\/figure><div class=\"elementor-image-box-content\"><h3 class=\"elementor-image-box-title\"><a href=\"https:\/\/ladanjkodstrica.hr\/index.php\/pocetna\/bozic-na-ladnju\">Bo\u017ei\u0107 na Ladnju<\/a><\/h3><p class=\"elementor-image-box-description\">Prisjetimo se Bo\u017ei\u0107nog okupljanja <br> i bo\u017ei\u0107ne atmosfere na na\u0161em Ladnju. <\/p><\/div><\/div>\t\t\t\t<\/div>\n\t\t\t\t<\/div>\n\t\t\t\t\t<\/div>\n\t\t<\/div>\n\t\t\t\t<div class=\"elementor-column elementor-col-50 elementor-top-column elementor-element elementor-element-31ba3d5\" data-id=\"31ba3d5\" data-element_type=\"column\" data-e-type=\"column\">\n\t\t\t<div class=\"elementor-widget-wrap elementor-element-populated\">\n\t\t\t\t\t\t<div class=\"elementor-element elementor-element-152332c elementor-position-top elementor-widget elementor-widget-image-box\" data-id=\"152332c\" data-element_type=\"widget\" data-e-type=\"widget\" data-widget_type=\"image-box.default\">\n\t\t\t\t<div class=\"elementor-widget-container\">\n\t\t\t\t\t<div class=\"elementor-image-box-wrapper\"><figure class=\"elementor-image-box-img\"><a href=\"https:\/\/www.tzig.hr\/18-bucijada-u-ivanic-gradu-od-30-09-do-2-10-2022-godine\/\" tabindex=\"-1\"><img decoding=\"async\" width=\"225\" height=\"300\" data-src=\"https:\/\/ladanjkodstrica.hr\/wp-content\/uploads\/2022\/12\/20221012_154327-scaled-e1670341928138-225x300.jpg\" class=\"attachment-medium size-medium wp-image-865 lazyload\" alt=\"bu\u010dijada na ladnju\" data-srcset=\"https:\/\/ladanjkodstrica.hr\/wp-content\/uploads\/2022\/12\/20221012_154327-scaled-e1670341928138-225x300.jpg 225w, https:\/\/ladanjkodstrica.hr\/wp-content\/uploads\/2022\/12\/20221012_154327-scaled-e1670341928138-768x1024.jpg 768w, https:\/\/ladanjkodstrica.hr\/wp-content\/uploads\/2022\/12\/20221012_154327-scaled-e1670341928138-1152x1536.jpg 1152w, https:\/\/ladanjkodstrica.hr\/wp-content\/uploads\/2022\/12\/20221012_154327-scaled-e1670341928138-1536x2048.jpg 1536w, https:\/\/ladanjkodstrica.hr\/wp-content\/uploads\/2022\/12\/20221012_154327-scaled-e1670341928138.jpg 1920w\" data-sizes=\"(max-width: 225px) 100vw, 225px\" src=\"data:image\/svg+xml;base64,PHN2ZyB3aWR0aD0iMSIgaGVpZ2h0PSIxIiB4bWxucz0iaHR0cDovL3d3dy53My5vcmcvMjAwMC9zdmciPjwvc3ZnPg==\" style=\"--smush-placeholder-width: 225px; --smush-placeholder-aspect-ratio: 225\/300;\" \/><\/a><\/figure><div class=\"elementor-image-box-content\"><h3 class=\"elementor-image-box-title\"><a href=\"https:\/\/www.tzig.hr\/18-bucijada-u-ivanic-gradu-od-30-09-do-2-10-2022-godine\/\">Bu\u010dijada<\/a><\/h3><p class=\"elementor-image-box-description\">18. Bu\u010dijada u Ivani\u0107-Gradu<\/p><\/div><\/div>\t\t\t\t<\/div>\n\t\t\t\t<\/div>\n\t\t\t\t\t<\/div>\n\t\t<\/div>\n\t\t\t\t\t<\/div>\n\t\t<\/section>\n\t\t\t\t<section class=\"elementor-section elementor-top-section elementor-element elementor-element-d2f35bc elementor-section-boxed elementor-section-height-default elementor-section-height-default\" data-id=\"d2f35bc\" data-element_type=\"section\" data-e-type=\"section\">\n\t\t\t\t\t\t<div class=\"elementor-container elementor-column-gap-default\">\n\t\t\t\t\t<div class=\"elementor-column elementor-col-50 elementor-top-column elementor-element elementor-element-da9d0a6\" data-id=\"da9d0a6\" data-element_type=\"column\" data-e-type=\"column\">\n\t\t\t<div class=\"elementor-widget-wrap elementor-element-populated\">\n\t\t\t\t\t\t<div class=\"elementor-element elementor-element-9ea8772 elementor-position-top elementor-widget elementor-widget-image-box\" data-id=\"9ea8772\" data-element_type=\"widget\" data-e-type=\"widget\" data-widget_type=\"image-box.default\">\n\t\t\t\t<div class=\"elementor-widget-container\">\n\t\t\t\t\t<div class=\"elementor-image-box-wrapper\"><figure class=\"elementor-image-box-img\"><a href=\"https:\/\/ladanjkodstrica.hr\/en\/blog\/kamozavikend\/\" tabindex=\"-1\"><img decoding=\"async\" width=\"225\" height=\"300\" data-src=\"https:\/\/ladanjkodstrica.hr\/wp-content\/uploads\/2023\/03\/20220919_185903-225x300.jpg\" class=\"attachment-medium size-medium wp-image-998 lazyload\" alt=\"\" data-srcset=\"https:\/\/ladanjkodstrica.hr\/wp-content\/uploads\/2023\/03\/20220919_185903-225x300.jpg 225w, https:\/\/ladanjkodstrica.hr\/wp-content\/uploads\/2023\/03\/20220919_185903-768x1024.jpg 768w, https:\/\/ladanjkodstrica.hr\/wp-content\/uploads\/2023\/03\/20220919_185903-9x12.jpg 9w, https:\/\/ladanjkodstrica.hr\/wp-content\/uploads\/2023\/03\/20220919_185903.jpg 1000w\" data-sizes=\"(max-width: 225px) 100vw, 225px\" src=\"data:image\/svg+xml;base64,PHN2ZyB3aWR0aD0iMSIgaGVpZ2h0PSIxIiB4bWxucz0iaHR0cDovL3d3dy53My5vcmcvMjAwMC9zdmciPjwvc3ZnPg==\" style=\"--smush-placeholder-width: 225px; --smush-placeholder-aspect-ratio: 225\/300;\" \/><\/a><\/figure><div class=\"elementor-image-box-content\"><h3 class=\"elementor-image-box-title\"><a href=\"https:\/\/ladanjkodstrica.hr\/en\/blog\/kamozavikend\/\">Kamo Za Vikend<\/a><\/h3><p class=\"elementor-image-box-description\">Vikend ideja u prirodi. \u0160etnja, klopica i koja \u010da\u0161a vina. <\/p><\/div><\/div>\t\t\t\t<\/div>\n\t\t\t\t<\/div>\n\t\t\t\t\t<\/div>\n\t\t<\/div>\n\t\t\t\t<div class=\"elementor-column elementor-col-50 elementor-top-column elementor-element elementor-element-d8da752\" data-id=\"d8da752\" data-element_type=\"column\" data-e-type=\"column\">\n\t\t\t<div class=\"elementor-widget-wrap elementor-element-populated\">\n\t\t\t\t\t\t<div class=\"elementor-element elementor-element-f36318b elementor-position-top elementor-widget elementor-widget-image-box\" data-id=\"f36318b\" data-element_type=\"widget\" data-e-type=\"widget\" data-widget_type=\"image-box.default\">\n\t\t\t\t<div class=\"elementor-widget-container\">\n\t\t\t\t\t<div class=\"elementor-image-box-wrapper\"><figure class=\"elementor-image-box-img\"><a href=\"https:\/\/ladanjkodstrica.hr\/en\/pocetna\/blog\/frizijci\/\" tabindex=\"-1\"><img decoding=\"async\" width=\"282\" height=\"300\" data-src=\"https:\/\/ladanjkodstrica.hr\/wp-content\/uploads\/2023\/04\/DSC1862-e1680541627160-282x300.jpg\" class=\"attachment-medium size-medium wp-image-1041 lazyload\" alt=\"frizijski konj u \u0161tali\" data-srcset=\"https:\/\/ladanjkodstrica.hr\/wp-content\/uploads\/2023\/04\/DSC1862-e1680541627160-282x300.jpg 282w, https:\/\/ladanjkodstrica.hr\/wp-content\/uploads\/2023\/04\/DSC1862-e1680541627160-11x12.jpg 11w, https:\/\/ladanjkodstrica.hr\/wp-content\/uploads\/2023\/04\/DSC1862-e1680541627160.jpg 627w\" data-sizes=\"(max-width: 282px) 100vw, 282px\" src=\"data:image\/svg+xml;base64,PHN2ZyB3aWR0aD0iMSIgaGVpZ2h0PSIxIiB4bWxucz0iaHR0cDovL3d3dy53My5vcmcvMjAwMC9zdmciPjwvc3ZnPg==\" style=\"--smush-placeholder-width: 282px; --smush-placeholder-aspect-ratio: 282\/300;\" \/><\/a><\/figure><div class=\"elementor-image-box-content\"><h3 class=\"elementor-image-box-title\"><a href=\"https:\/\/ladanjkodstrica.hr\/en\/pocetna\/blog\/frizijci\/\">Frizijski Konji na Ladnju<\/a><\/h3><p class=\"elementor-image-box-description\">Frizijski konji su pasmina konja koja se mo\u017ee pohvaliti izvrsnom ljepotom, svestrano\u0161\u0107u i bogatom povije\u0161\u0107u. Otkrijte sve o ovoj \u010darobnoj pasmini!<\/p><\/div><\/div>\t\t\t\t<\/div>\n\t\t\t\t<\/div>\n\t\t\t\t\t<\/div>\n\t\t<\/div>\n\t\t\t\t\t<\/div>\n\t\t<\/section>\n\t\t\t\t<section class=\"elementor-section elementor-top-section elementor-element elementor-element-424efcb elementor-section-boxed elementor-section-height-default elementor-section-height-default\" data-id=\"424efcb\" data-element_type=\"section\" data-e-type=\"section\">\n\t\t\t\t\t\t<div class=\"elementor-container elementor-column-gap-default\">\n\t\t\t\t\t<div class=\"elementor-column elementor-col-100 elementor-top-column elementor-element elementor-element-2a7e2d9\" data-id=\"2a7e2d9\" data-element_type=\"column\" data-e-type=\"column\">\n\t\t\t<div class=\"elementor-widget-wrap elementor-element-populated\">\n\t\t\t\t\t\t<div class=\"elementor-element elementor-element-cee6ada elementor-position-top elementor-widget elementor-widget-image-box\" data-id=\"cee6ada\" data-element_type=\"widget\" data-e-type=\"widget\" data-widget_type=\"image-box.default\">\n\t\t\t\t<div class=\"elementor-widget-container\">\n\t\t\t\t\t<div class=\"elementor-image-box-wrapper\"><figure class=\"elementor-image-box-img\"><a href=\"https:\/\/ladanjkodstrica.hr\/en\/pocetna\/blog\/jesen-na-ladanju\/\" tabindex=\"-1\"><img decoding=\"async\" width=\"240\" height=\"300\" data-src=\"https:\/\/ladanjkodstrica.hr\/wp-content\/uploads\/2023\/10\/tangerine-newt-oRynCiFqh_o-unsplash-240x300.jpg\" class=\"attachment-medium size-medium wp-image-1073 lazyload\" alt=\"bu\u010de u okviru\" data-srcset=\"https:\/\/ladanjkodstrica.hr\/wp-content\/uploads\/2023\/10\/tangerine-newt-oRynCiFqh_o-unsplash-240x300.jpg 240w, https:\/\/ladanjkodstrica.hr\/wp-content\/uploads\/2023\/10\/tangerine-newt-oRynCiFqh_o-unsplash-819x1024.jpg 819w, https:\/\/ladanjkodstrica.hr\/wp-content\/uploads\/2023\/10\/tangerine-newt-oRynCiFqh_o-unsplash-768x960.jpg 768w, https:\/\/ladanjkodstrica.hr\/wp-content\/uploads\/2023\/10\/tangerine-newt-oRynCiFqh_o-unsplash-1229x1536.jpg 1229w, https:\/\/ladanjkodstrica.hr\/wp-content\/uploads\/2023\/10\/tangerine-newt-oRynCiFqh_o-unsplash-1638x2048.jpg 1638w, https:\/\/ladanjkodstrica.hr\/wp-content\/uploads\/2023\/10\/tangerine-newt-oRynCiFqh_o-unsplash-10x12.jpg 10w, https:\/\/ladanjkodstrica.hr\/wp-content\/uploads\/2023\/10\/tangerine-newt-oRynCiFqh_o-unsplash-scaled.jpg 2048w\" data-sizes=\"(max-width: 240px) 100vw, 240px\" src=\"data:image\/svg+xml;base64,PHN2ZyB3aWR0aD0iMSIgaGVpZ2h0PSIxIiB4bWxucz0iaHR0cDovL3d3dy53My5vcmcvMjAwMC9zdmciPjwvc3ZnPg==\" style=\"--smush-placeholder-width: 240px; --smush-placeholder-aspect-ratio: 240\/300;\" \/><\/a><\/figure><div class=\"elementor-image-box-content\"><h3 class=\"elementor-image-box-title\"><a href=\"https:\/\/ladanjkodstrica.hr\/en\/pocetna\/blog\/jesen-na-ladanju\/\">Bu\u010dijada<\/a><\/h3><p class=\"elementor-image-box-description\">19. Bu\u010dijada u Ivani\u0107-Gradu<\/p><\/div><\/div>\t\t\t\t<\/div>\n\t\t\t\t<\/div>\n\t\t\t\t\t<\/div>\n\t\t<\/div>\n\t\t\t\t\t<\/div>\n\t\t<\/section>\n\t\t\t\t<\/div>","protected":false},"excerpt":{"rendered":"<p>Blog Bo\u017ei\u0107 na Ladnju Prisjetimo se Bo\u017ei\u0107nog okupljanja i bo\u017ei\u0107ne atmosfere na na\u0161em Ladnju. Bu\u010dijada 18. Bu\u010dijada u Ivani\u0107-Gradu Kamo Za Vikend Vikend ideja u prirodi. \u0160etnja, klopica i koja \u010da\u0161a vina. Frizijski Konji na Ladnju Frizijski konji su pasmina konja koja se mo\u017ee pohvaliti izvrsnom ljepotom, svestrano\u0161\u0107u i bogatom povije\u0161\u0107u. Otkrijte sve o ovoj &hellip;<\/p>\n<p class=\"read-more\"> <a class=\"\" href=\"https:\/\/ladanjkodstrica.hr\/en\/pocetna\/blog\/\"> <span class=\"screen-reader-text\">Blog<\/span> Read More &raquo;<\/a><\/p>","protected":false},"author":1,"featured_media":0,"parent":59,"menu_order":0,"comment_status":"closed","ping_status":"closed","template":"","meta":{"_monsterinsights_skip_tracking":false,"_monsterinsights_sitenote_active":false,"_monsterinsights_sitenote_note":"","_monsterinsights_sitenote_category":0,"footnotes":""},"class_list":["post-862","page","type-page","status-publish","hentry"],"aioseo_notices":[],"_links":{"self":[{"href":"https:\/\/ladanjkodstrica.hr\/en\/wp-json\/wp\/v2\/pages\/862","targetHints":{"allow":["GET"]}}],"collection":[{"href":"https:\/\/ladanjkodstrica.hr\/en\/wp-json\/wp\/v2\/pages"}],"about":[{"href":"https:\/\/ladanjkodstrica.hr\/en\/wp-json\/wp\/v2\/types\/page"}],"author":[{"embeddable":true,"href":"https:\/\/ladanjkodstrica.hr\/en\/wp-json\/wp\/v2\/users\/1"}],"replies":[{"embeddable":true,"href":"https:\/\/ladanjkodstrica.hr\/en\/wp-json\/wp\/v2\/comments?post=862"}],"version-history":[{"count":0,"href":"https:\/\/ladanjkodstrica.hr\/en\/wp-json\/wp\/v2\/pages\/862\/revisions"}],"up":[{"embeddable":true,"href":"https:\/\/ladanjkodstrica.hr\/en\/wp-json\/wp\/v2\/pages\/59"}],"wp:attachment":[{"href":"https:\/\/ladanjkodstrica.hr\/en\/wp-json\/wp\/v2\/media?parent=862"}],"curies":[{"name":"wp","href":"https:\/\/api.w.org\/{rel}","templated":true}]}}