{"id":875,"date":"2022-12-11T20:06:10","date_gmt":"2022-12-11T19:06:10","guid":{"rendered":"https:\/\/ladanjkodstrica.hr\/?page_id=875"},"modified":"2022-12-11T21:27:26","modified_gmt":"2022-12-11T20:27:26","slug":"bozic-na-ladnju","status":"publish","type":"page","link":"https:\/\/ladanjkodstrica.hr\/en\/pocetna\/bozic-na-ladnju\/","title":{"rendered":"Bo\u017ei\u0107 na Ladnju"},"content":{"rendered":"<div data-elementor-type=\"wp-page\" data-elementor-id=\"875\" class=\"elementor elementor-875\">\n\t\t\t\t\t\t<section class=\"elementor-section elementor-top-section elementor-element elementor-element-f55581d elementor-section-height-min-height elementor-section-full_width elementor-section-height-default elementor-section-items-middle\" data-id=\"f55581d\" data-element_type=\"section\" data-e-type=\"section\" data-settings=\"{&quot;background_background&quot;:&quot;classic&quot;}\">\n\t\t\t\t\t\t\t<div class=\"elementor-background-overlay\"><\/div>\n\t\t\t\t\t\t\t<div class=\"elementor-container elementor-column-gap-no\">\n\t\t\t\t\t<div class=\"elementor-column elementor-col-100 elementor-top-column elementor-element elementor-element-9da8eb8\" data-id=\"9da8eb8\" data-element_type=\"column\" data-e-type=\"column\">\n\t\t\t<div class=\"elementor-widget-wrap elementor-element-populated\">\n\t\t\t\t\t\t<div class=\"elementor-element elementor-element-ca86f67 animated-slow elementor-invisible elementor-widget elementor-widget-heading\" data-id=\"ca86f67\" data-element_type=\"widget\" data-e-type=\"widget\" data-settings=\"{&quot;_animation&quot;:&quot;fadeInDown&quot;}\" data-widget_type=\"heading.default\">\n\t\t\t\t<div class=\"elementor-widget-container\">\n\t\t\t\t\t<h1 class=\"elementor-heading-title elementor-size-default\">Bo\u017ei\u0107 na Ladnju<\/h1>\t\t\t\t<\/div>\n\t\t\t\t<\/div>\n\t\t\t\t\t<\/div>\n\t\t<\/div>\n\t\t\t\t\t<\/div>\n\t\t<\/section>\n\t\t\t\t<section class=\"elementor-section elementor-top-section elementor-element elementor-element-46baed9 elementor-section-boxed elementor-section-height-default elementor-section-height-default\" data-id=\"46baed9\" data-element_type=\"section\" data-e-type=\"section\">\n\t\t\t\t\t\t<div class=\"elementor-container elementor-column-gap-default\">\n\t\t\t\t\t<div class=\"elementor-column elementor-col-50 elementor-top-column elementor-element elementor-element-e49b225\" data-id=\"e49b225\" data-element_type=\"column\" data-e-type=\"column\">\n\t\t\t<div class=\"elementor-widget-wrap elementor-element-populated\">\n\t\t\t\t\t\t<div class=\"elementor-element elementor-element-01c37a7 elementor-widget elementor-widget-heading\" data-id=\"01c37a7\" data-element_type=\"widget\" data-e-type=\"widget\" data-widget_type=\"heading.default\">\n\t\t\t\t<div class=\"elementor-widget-container\">\n\t\t\t\t\t<h2 class=\"elementor-heading-title elementor-size-default\">Bo\u017ei\u0107<\/h2>\t\t\t\t<\/div>\n\t\t\t\t<\/div>\n\t\t\t\t<div class=\"elementor-element elementor-element-44bd4f6 elementor-widget elementor-widget-text-editor\" data-id=\"44bd4f6\" data-element_type=\"widget\" data-e-type=\"widget\" data-widget_type=\"text-editor.default\">\n\t\t\t\t<div class=\"elementor-widget-container\">\n\t\t\t\t\t\t\t\t\t<p><span data-contrast=\"auto\">Prosinac je pokucao na vrata, bli\u017ei nam se mnogima najljep\u0161i dio godine. Bo\u017ei\u0107 na Ladnju nam daje zaista posebnu toplinu, radost i ugodnu, \u201eobiteljsku\u201c atmosferu koju svi volimo osjetiti, posebice u blagdanskim trenucima.<\/span><span data-ccp-props=\"{&quot;201341983&quot;:0,&quot;335551550&quot;:6,&quot;335551620&quot;:6,&quot;335559739&quot;:160,&quot;335559740&quot;:259}\">\u00a0<\/span><\/p><p><span data-contrast=\"auto\">Na imanju veliki naglasak je na tradiciji, pa tako unutarnji interijer Ladnja ure\u0111en u rustikalnom stilu, a drveni elementi u hladnim zimskim mjesecima poja\u010davaju dojam topline. U kombinaciji s ukusnom sarmom (na\u0161a preporuka) i okru\u017eeni Vama dragim ljudima, odnosno obitelji, ljep\u0161e provedenu nedjelju u\u00a0 vrijeme adventa zaista ne mo\u017eemo druga\u010dije zamisliti.\u00a0<\/span><span data-ccp-props=\"{&quot;201341983&quot;:0,&quot;335551550&quot;:6,&quot;335551620&quot;:6,&quot;335559739&quot;:160,&quot;335559740&quot;:259}\">\u00a0<\/span><\/p><p><span data-contrast=\"auto\">Nakon ukusnog ru\u010dka, na\u0161a preporuka je \u0161alica kuhanog vina pokraj kamina. Tko ne bi odolio ovim slatkim medvjedi\u0107ima kraj kamina?! <\/span><span data-contrast=\"auto\">\ud83d\ude0a<\/span><span data-ccp-props=\"{&quot;201341983&quot;:0,&quot;335551550&quot;:6,&quot;335551620&quot;:6,&quot;335559739&quot;:160,&quot;335559740&quot;:259}\">\u00a0<\/span><\/p>\t\t\t\t\t\t\t\t<\/div>\n\t\t\t\t<\/div>\n\t\t\t\t\t<\/div>\n\t\t<\/div>\n\t\t\t\t<div class=\"elementor-column elementor-col-50 elementor-top-column elementor-element elementor-element-62528f2\" data-id=\"62528f2\" data-element_type=\"column\" data-e-type=\"column\">\n\t\t\t<div class=\"elementor-widget-wrap elementor-element-populated\">\n\t\t\t\t\t\t<div class=\"elementor-element elementor-element-5001c19 elementor-widget elementor-widget-image\" data-id=\"5001c19\" data-element_type=\"widget\" data-e-type=\"widget\" data-widget_type=\"image.default\">\n\t\t\t\t<div class=\"elementor-widget-container\">\n\t\t\t\t\t\t\t\t\t\t\t\t\t\t\t<img fetchpriority=\"high\" decoding=\"async\" width=\"1080\" height=\"1920\" src=\"https:\/\/ladanjkodstrica.hr\/wp-content\/uploads\/2022\/12\/IMG_20221129_135725_200.jpg\" class=\"attachment-full size-full wp-image-880\" alt=\"medvjedi\u0107i kod kamina\" srcset=\"https:\/\/ladanjkodstrica.hr\/wp-content\/uploads\/2022\/12\/IMG_20221129_135725_200.jpg 1080w, https:\/\/ladanjkodstrica.hr\/wp-content\/uploads\/2022\/12\/IMG_20221129_135725_200-169x300.jpg 169w, https:\/\/ladanjkodstrica.hr\/wp-content\/uploads\/2022\/12\/IMG_20221129_135725_200-576x1024.jpg 576w, https:\/\/ladanjkodstrica.hr\/wp-content\/uploads\/2022\/12\/IMG_20221129_135725_200-768x1365.jpg 768w, https:\/\/ladanjkodstrica.hr\/wp-content\/uploads\/2022\/12\/IMG_20221129_135725_200-864x1536.jpg 864w\" sizes=\"(max-width: 1080px) 100vw, 1080px\" \/>\t\t\t\t\t\t\t\t\t\t\t\t\t\t\t<\/div>\n\t\t\t\t<\/div>\n\t\t\t\t\t<\/div>\n\t\t<\/div>\n\t\t\t\t\t<\/div>\n\t\t<\/section>\n\t\t\t\t<section class=\"elementor-section elementor-top-section elementor-element elementor-element-fbf903b elementor-reverse-tablet elementor-reverse-mobile elementor-section-boxed elementor-section-height-default elementor-section-height-default\" data-id=\"fbf903b\" data-element_type=\"section\" data-e-type=\"section\">\n\t\t\t\t\t\t<div class=\"elementor-container elementor-column-gap-default\">\n\t\t\t\t\t<div class=\"elementor-column elementor-col-50 elementor-top-column elementor-element elementor-element-4d3449e\" data-id=\"4d3449e\" data-element_type=\"column\" data-e-type=\"column\">\n\t\t\t<div class=\"elementor-widget-wrap elementor-element-populated\">\n\t\t\t\t\t\t<div class=\"elementor-element elementor-element-0ab046c elementor-widget elementor-widget-video\" data-id=\"0ab046c\" data-element_type=\"widget\" data-e-type=\"widget\" data-settings=\"{&quot;video_type&quot;:&quot;hosted&quot;,&quot;controls&quot;:&quot;yes&quot;}\" data-widget_type=\"video.default\">\n\t\t\t\t<div class=\"elementor-widget-container\">\n\t\t\t\t\t\t\t<div class=\"e-hosted-video elementor-wrapper elementor-open-inline\">\n\t\t\t\t\t<video class=\"elementor-video\" src=\"https:\/\/ladanjkodstrica.hr\/wp-content\/uploads\/2022\/12\/finalniVideo-1.mp4\" controls=\"\" preload=\"metadata\" controlslist=\"nodownload\" poster=\"https:\/\/ladanjkodstrica.hr\/wp-content\/uploads\/2022\/12\/chad-madden-SUTfFCAHV_A-unsplash.png\"><\/video>\n\t\t\t\t<\/div>\n\t\t\t\t\t\t<\/div>\n\t\t\t\t<\/div>\n\t\t\t\t\t<\/div>\n\t\t<\/div>\n\t\t\t\t<div class=\"elementor-column elementor-col-50 elementor-top-column elementor-element elementor-element-b332e35\" data-id=\"b332e35\" data-element_type=\"column\" data-e-type=\"column\">\n\t\t\t<div class=\"elementor-widget-wrap elementor-element-populated\">\n\t\t\t\t\t\t<div class=\"elementor-element elementor-element-46096e1 elementor-widget elementor-widget-text-editor\" data-id=\"46096e1\" data-element_type=\"widget\" data-e-type=\"widget\" data-widget_type=\"text-editor.default\">\n\t\t\t\t<div class=\"elementor-widget-container\">\n\t\t\t\t\t\t\t\t\t<p><span class=\"TextRun SCXW107668095 BCX0\" lang=\"HR-HR\" xml:lang=\"HR-HR\" data-contrast=\"auto\"><span class=\"NormalTextRun SCXW107668095 BCX0\">Svaki Bo\u017ei\u0107 <\/span><span class=\"NormalTextRun SCXW107668095 BCX0\">je poseban, ali ne mo\u017eemo ne prisjetiti se pro\u0161log Bo\u017ei\u0107a na Ladnju. Najmla\u0111e mali\u0161ane je posjetio Djed Bo\u017ei\u0107njak sa malim vilenjacima i poni\u0107ima. Svako dijete dobilo je mali znak pa\u017enje od Djeda Bo\u017ei\u0107njaka, a njihova <\/span><span class=\"NormalTextRun SCXW107668095 BCX0\">sre\u0107a na licima, Ladnju donijela je najve\u0107u radost za kraj 2021. godine.<\/span><\/span><span class=\"EOP SCXW107668095 BCX0\" data-ccp-props=\"{&quot;201341983&quot;:0,&quot;335559739&quot;:160,&quot;335559740&quot;:259}\">\u00a0<\/span><\/p>\t\t\t\t\t\t\t\t<\/div>\n\t\t\t\t<\/div>\n\t\t\t\t\t<\/div>\n\t\t<\/div>\n\t\t\t\t\t<\/div>\n\t\t<\/section>\n\t\t\t\t<\/div>","protected":false},"excerpt":{"rendered":"<p>Bo\u017ei\u0107 na Ladnju Bo\u017ei\u0107 Prosinac je pokucao na vrata, bli\u017ei nam se mnogima najljep\u0161i dio godine. Bo\u017ei\u0107 na Ladnju nam daje zaista posebnu toplinu, radost i ugodnu, \u201eobiteljsku\u201c atmosferu koju svi volimo osjetiti, posebice u blagdanskim trenucima.\u00a0 Na imanju veliki naglasak je na tradiciji, pa tako unutarnji interijer Ladnja ure\u0111en u rustikalnom stilu, a drveni &hellip;<\/p>\n<p class=\"read-more\"> <a class=\"\" href=\"https:\/\/ladanjkodstrica.hr\/en\/pocetna\/bozic-na-ladnju\/\"> <span class=\"screen-reader-text\">Bo\u017ei\u0107 na Ladnju<\/span> Read More &raquo;<\/a><\/p>","protected":false},"author":1,"featured_media":0,"parent":59,"menu_order":0,"comment_status":"closed","ping_status":"closed","template":"","meta":{"_monsterinsights_skip_tracking":false,"_monsterinsights_sitenote_active":false,"_monsterinsights_sitenote_note":"","_monsterinsights_sitenote_category":0,"footnotes":""},"class_list":["post-875","page","type-page","status-publish","hentry"],"aioseo_notices":[],"_links":{"self":[{"href":"https:\/\/ladanjkodstrica.hr\/en\/wp-json\/wp\/v2\/pages\/875","targetHints":{"allow":["GET"]}}],"collection":[{"href":"https:\/\/ladanjkodstrica.hr\/en\/wp-json\/wp\/v2\/pages"}],"about":[{"href":"https:\/\/ladanjkodstrica.hr\/en\/wp-json\/wp\/v2\/types\/page"}],"author":[{"embeddable":true,"href":"https:\/\/ladanjkodstrica.hr\/en\/wp-json\/wp\/v2\/users\/1"}],"replies":[{"embeddable":true,"href":"https:\/\/ladanjkodstrica.hr\/en\/wp-json\/wp\/v2\/comments?post=875"}],"version-history":[{"count":0,"href":"https:\/\/ladanjkodstrica.hr\/en\/wp-json\/wp\/v2\/pages\/875\/revisions"}],"up":[{"embeddable":true,"href":"https:\/\/ladanjkodstrica.hr\/en\/wp-json\/wp\/v2\/pages\/59"}],"wp:attachment":[{"href":"https:\/\/ladanjkodstrica.hr\/en\/wp-json\/wp\/v2\/media?parent=875"}],"curies":[{"name":"wp","href":"https:\/\/api.w.org\/{rel}","templated":true}]}}