{"id":991,"date":"2023-03-23T21:03:27","date_gmt":"2023-03-23T20:03:27","guid":{"rendered":"https:\/\/ladanjkodstrica.hr\/?page_id=991"},"modified":"2023-03-23T21:38:52","modified_gmt":"2023-03-23T20:38:52","slug":"kamozavikend","status":"publish","type":"page","link":"https:\/\/ladanjkodstrica.hr\/en\/pocetna\/blog\/kamozavikend\/","title":{"rendered":"Kamo Za Vikend"},"content":{"rendered":"<div data-elementor-type=\"wp-page\" data-elementor-id=\"991\" class=\"elementor elementor-991\">\n\t\t\t\t\t\t<section class=\"elementor-section elementor-top-section elementor-element elementor-element-f55581d elementor-section-height-min-height elementor-section-full_width elementor-section-height-default elementor-section-items-middle\" data-id=\"f55581d\" data-element_type=\"section\" data-e-type=\"section\" data-settings=\"{&quot;background_background&quot;:&quot;classic&quot;}\">\n\t\t\t\t\t\t\t<div class=\"elementor-background-overlay\"><\/div>\n\t\t\t\t\t\t\t<div class=\"elementor-container elementor-column-gap-no\">\n\t\t\t\t\t<div class=\"elementor-column elementor-col-100 elementor-top-column elementor-element elementor-element-9da8eb8\" data-id=\"9da8eb8\" data-element_type=\"column\" data-e-type=\"column\">\n\t\t\t<div class=\"elementor-widget-wrap elementor-element-populated\">\n\t\t\t\t\t\t<div class=\"elementor-element elementor-element-ca86f67 animated-slow elementor-invisible elementor-widget elementor-widget-heading\" data-id=\"ca86f67\" data-element_type=\"widget\" data-e-type=\"widget\" data-settings=\"{&quot;_animation&quot;:&quot;fadeInDown&quot;}\" data-widget_type=\"heading.default\">\n\t\t\t\t<div class=\"elementor-widget-container\">\n\t\t\t\t\t<h2 class=\"elementor-heading-title elementor-size-default\">Kamo za vikend<\/h2>\t\t\t\t<\/div>\n\t\t\t\t<\/div>\n\t\t\t\t\t<\/div>\n\t\t<\/div>\n\t\t\t\t\t<\/div>\n\t\t<\/section>\n\t\t\t\t<section class=\"elementor-section elementor-top-section elementor-element elementor-element-46baed9 elementor-section-boxed elementor-section-height-default elementor-section-height-default\" data-id=\"46baed9\" data-element_type=\"section\" data-e-type=\"section\">\n\t\t\t\t\t\t<div class=\"elementor-container elementor-column-gap-default\">\n\t\t\t\t\t<div class=\"elementor-column elementor-col-50 elementor-top-column elementor-element elementor-element-e49b225\" data-id=\"e49b225\" data-element_type=\"column\" data-e-type=\"column\">\n\t\t\t<div class=\"elementor-widget-wrap elementor-element-populated\">\n\t\t\t\t\t\t<div class=\"elementor-element elementor-element-01c37a7 elementor-widget elementor-widget-heading\" data-id=\"01c37a7\" data-element_type=\"widget\" data-e-type=\"widget\" data-widget_type=\"heading.default\">\n\t\t\t\t<div class=\"elementor-widget-container\">\n\t\t\t\t\t<h2 class=\"elementor-heading-title elementor-size-large\">Vikend ideja<\/h2>\t\t\t\t<\/div>\n\t\t\t\t<\/div>\n\t\t\t\t<div class=\"elementor-element elementor-element-44bd4f6 elementor-widget elementor-widget-text-editor\" data-id=\"44bd4f6\" data-element_type=\"widget\" data-e-type=\"widget\" data-widget_type=\"text-editor.default\">\n\t\t\t\t<div class=\"elementor-widget-container\">\n\t\t\t\t\t\t\t\t\t<p>Planirate li vikend odmor izvan gradske vreve? Posjetite &#8220;Ladanj kod strica&#8221;, seoski turizam smje\u0161ten u prekrasnom selu Sobo\u010danima, samo 25 minuta vo\u017enje od Zagreba. Ovo je savr\u0161eno mjesto za opu\u0161tanje u prirodi, a idealno je smje\u0161teno blizu ozna\u010denih \u0161umskih staza za opu\u0161taju\u0107e \u0161etnje u prirodi. U\u017eivajte u doma\u0107oj hrani i ugo\u0111aju, dok se istovremeno odmarate od u\u017eurbanog \u017eivotnog tempa. Rezervirajte svoj vikend u &#8220;Ladanju kod strica&#8221; i osjetite \u010dari seoskog turizma. Kamo za vikend? &#8220;Ladanj kod strica&#8221; je va\u0161 idealan odabir.<\/p>\t\t\t\t\t\t\t\t<\/div>\n\t\t\t\t<\/div>\n\t\t\t\t\t<\/div>\n\t\t<\/div>\n\t\t\t\t<div class=\"elementor-column elementor-col-50 elementor-top-column elementor-element elementor-element-62528f2\" data-id=\"62528f2\" data-element_type=\"column\" data-e-type=\"column\">\n\t\t\t<div class=\"elementor-widget-wrap elementor-element-populated\">\n\t\t\t\t\t\t<div class=\"elementor-element elementor-element-5001c19 elementor-widget elementor-widget-image\" data-id=\"5001c19\" data-element_type=\"widget\" data-e-type=\"widget\" data-widget_type=\"image.default\">\n\t\t\t\t<div class=\"elementor-widget-container\">\n\t\t\t\t\t\t\t\t\t\t\t\t\t\t\t<img fetchpriority=\"high\" decoding=\"async\" width=\"1000\" height=\"1333\" src=\"https:\/\/ladanjkodstrica.hr\/wp-content\/uploads\/2023\/03\/20220919_185903.jpg\" class=\"attachment-full size-full wp-image-998\" alt=\"\" srcset=\"https:\/\/ladanjkodstrica.hr\/wp-content\/uploads\/2023\/03\/20220919_185903.jpg 1000w, https:\/\/ladanjkodstrica.hr\/wp-content\/uploads\/2023\/03\/20220919_185903-225x300.jpg 225w, https:\/\/ladanjkodstrica.hr\/wp-content\/uploads\/2023\/03\/20220919_185903-768x1024.jpg 768w, https:\/\/ladanjkodstrica.hr\/wp-content\/uploads\/2023\/03\/20220919_185903-9x12.jpg 9w\" sizes=\"(max-width: 1000px) 100vw, 1000px\" \/>\t\t\t\t\t\t\t\t\t\t\t\t\t\t\t<\/div>\n\t\t\t\t<\/div>\n\t\t\t\t\t<\/div>\n\t\t<\/div>\n\t\t\t\t\t<\/div>\n\t\t<\/section>\n\t\t\t\t<section class=\"elementor-section elementor-top-section elementor-element elementor-element-fbf903b elementor-reverse-tablet elementor-reverse-mobile elementor-section-boxed elementor-section-height-default elementor-section-height-default\" data-id=\"fbf903b\" data-element_type=\"section\" data-e-type=\"section\">\n\t\t\t\t\t\t<div class=\"elementor-container elementor-column-gap-default\">\n\t\t\t\t\t<div class=\"elementor-column elementor-col-50 elementor-top-column elementor-element elementor-element-4d3449e\" data-id=\"4d3449e\" data-element_type=\"column\" data-e-type=\"column\">\n\t\t\t<div class=\"elementor-widget-wrap elementor-element-populated\">\n\t\t\t\t\t\t<div class=\"elementor-element elementor-element-10d6cd9 elementor-widget elementor-widget-image\" data-id=\"10d6cd9\" data-element_type=\"widget\" data-e-type=\"widget\" data-widget_type=\"image.default\">\n\t\t\t\t<div class=\"elementor-widget-container\">\n\t\t\t\t\t\t\t\t\t\t\t\t\t\t\t\t<a href=\"https:\/\/www.tzig.hr\/pjesacki-putovi\/\">\n\t\t\t\t\t\t\t<img decoding=\"async\" width=\"900\" height=\"636\" data-src=\"https:\/\/ladanjkodstrica.hr\/wp-content\/uploads\/2023\/03\/marca_map.jpg\" class=\"attachment-large size-large wp-image-999 lazyload\" alt=\"staza marca\" data-srcset=\"https:\/\/ladanjkodstrica.hr\/wp-content\/uploads\/2023\/03\/marca_map.jpg 900w, https:\/\/ladanjkodstrica.hr\/wp-content\/uploads\/2023\/03\/marca_map-300x212.jpg 300w, https:\/\/ladanjkodstrica.hr\/wp-content\/uploads\/2023\/03\/marca_map-768x543.jpg 768w, https:\/\/ladanjkodstrica.hr\/wp-content\/uploads\/2023\/03\/marca_map-18x12.jpg 18w\" data-sizes=\"(max-width: 900px) 100vw, 900px\" src=\"data:image\/svg+xml;base64,PHN2ZyB3aWR0aD0iMSIgaGVpZ2h0PSIxIiB4bWxucz0iaHR0cDovL3d3dy53My5vcmcvMjAwMC9zdmciPjwvc3ZnPg==\" style=\"--smush-placeholder-width: 900px; --smush-placeholder-aspect-ratio: 900\/636;\" \/>\t\t\t\t\t\t\t\t<\/a>\n\t\t\t\t\t\t\t\t\t\t\t\t\t\t\t<\/div>\n\t\t\t\t<\/div>\n\t\t\t\t\t<\/div>\n\t\t<\/div>\n\t\t\t\t<div class=\"elementor-column elementor-col-50 elementor-top-column elementor-element elementor-element-b332e35\" data-id=\"b332e35\" data-element_type=\"column\" data-e-type=\"column\">\n\t\t\t<div class=\"elementor-widget-wrap elementor-element-populated\">\n\t\t\t\t\t\t<div class=\"elementor-element elementor-element-46096e1 elementor-widget elementor-widget-text-editor\" data-id=\"46096e1\" data-element_type=\"widget\" data-e-type=\"widget\" data-widget_type=\"text-editor.default\">\n\t\t\t\t<div class=\"elementor-widget-container\">\n\t\t\t\t\t\t\t\t\t<p>Tra\u017eite li ideju za vikend \u0161etnju u prirodi? Razmislite o posjetu Stari Mar\u010di i istra\u017eivanju njezine prekrasne \u0161umske prirode. Udahnite svje\u017ei zrak dok slijedite ozna\u010dene puteve kroz \u0161umu, i u\u017eivajte u ljepotama prirode. Stara Mar\u010da nudi savr\u0161en bijeg od gradske vreve, pru\u017eaju\u0107i ti\u0161inu i mir za opu\u0161taju\u0107u \u0161etnju u prirodi. Zaboravite na stres i napetost, prepustite se prirodi i u\u017eivajte u ovoj savr\u0161enoj vikend ideji.<\/p>\t\t\t\t\t\t\t\t<\/div>\n\t\t\t\t<\/div>\n\t\t\t\t\t<\/div>\n\t\t<\/div>\n\t\t\t\t\t<\/div>\n\t\t<\/section>\n\t\t\t\t<\/div>","protected":false},"excerpt":{"rendered":"<p>Kamo za vikend Vikend ideja Planirate li vikend odmor izvan gradske vreve? Posjetite &#8220;Ladanj kod strica&#8221;, seoski turizam smje\u0161ten u prekrasnom selu Sobo\u010danima, samo 25 minuta vo\u017enje od Zagreba. Ovo je savr\u0161eno mjesto za opu\u0161tanje u prirodi, a idealno je smje\u0161teno blizu ozna\u010denih \u0161umskih staza za opu\u0161taju\u0107e \u0161etnje u prirodi. U\u017eivajte u doma\u0107oj hrani i &hellip;<\/p>\n<p class=\"read-more\"> <a class=\"\" href=\"https:\/\/ladanjkodstrica.hr\/en\/pocetna\/blog\/kamozavikend\/\"> <span class=\"screen-reader-text\">Kamo Za Vikend<\/span> Read More &raquo;<\/a><\/p>","protected":false},"author":1,"featured_media":0,"parent":862,"menu_order":0,"comment_status":"closed","ping_status":"closed","template":"","meta":{"_monsterinsights_skip_tracking":false,"_monsterinsights_sitenote_active":false,"_monsterinsights_sitenote_note":"","_monsterinsights_sitenote_category":0,"footnotes":""},"class_list":["post-991","page","type-page","status-publish","hentry"],"aioseo_notices":[],"_links":{"self":[{"href":"https:\/\/ladanjkodstrica.hr\/en\/wp-json\/wp\/v2\/pages\/991","targetHints":{"allow":["GET"]}}],"collection":[{"href":"https:\/\/ladanjkodstrica.hr\/en\/wp-json\/wp\/v2\/pages"}],"about":[{"href":"https:\/\/ladanjkodstrica.hr\/en\/wp-json\/wp\/v2\/types\/page"}],"author":[{"embeddable":true,"href":"https:\/\/ladanjkodstrica.hr\/en\/wp-json\/wp\/v2\/users\/1"}],"replies":[{"embeddable":true,"href":"https:\/\/ladanjkodstrica.hr\/en\/wp-json\/wp\/v2\/comments?post=991"}],"version-history":[{"count":0,"href":"https:\/\/ladanjkodstrica.hr\/en\/wp-json\/wp\/v2\/pages\/991\/revisions"}],"up":[{"embeddable":true,"href":"https:\/\/ladanjkodstrica.hr\/en\/wp-json\/wp\/v2\/pages\/862"}],"wp:attachment":[{"href":"https:\/\/ladanjkodstrica.hr\/en\/wp-json\/wp\/v2\/media?parent=991"}],"curies":[{"name":"wp","href":"https:\/\/api.w.org\/{rel}","templated":true}]}}